{"id":10,"date":"2019-02-26T11:12:20","date_gmt":"2019-02-26T08:12:20","guid":{"rendered":"http:\/\/orientviphamam.com\/test\/?page_id=10"},"modified":"2025-09-05T09:15:21","modified_gmt":"2025-09-05T06:15:21","slug":"anasayfa","status":"publish","type":"page","link":"https:\/\/orientviphamam.com\/vip\/tr\/","title":{"rendered":"Anasayfa"},"content":{"rendered":"<p>[vc_row bg_type=&#8221;image&#8221; parallax_style=&#8221;vcpb-default&#8221; bg_image_new=&#8221;id^98|url^http:\/\/orientviphamam.com\/test\/wp-content\/uploads\/2019\/02\/Index-bg-services.jpg|caption^null|alt^null|title^Index-bg-services|description^null&#8221; bg_image_repeat=&#8221;no-repeat&#8221; bg_img_attach=&#8221;fixed&#8221; bg_override=&#8221;ex-full&#8221; css=&#8221;.vc_custom_1551341952079{margin-top: -70px !important;padding-top: 20px !important;}&#8221;][vc_column]<div id=\"ultimate-heading-394569e644c33976d\" class=\"uvc-heading ult-adjust-bottom-margin ultimate-heading-394569e644c33976d uvc-590  uvc-heading-default-font-sizes\" data-hspacer=\"image_only\"  data-halign=\"center\" style=\"text-align:center\"><div class=\"uvc-main-heading ult-responsive\"  data-ultimate-target='.uvc-heading.ultimate-heading-394569e644c33976d h2'  data-responsive-json-new='{\"font-size\":\"\",\"line-height\":\"\"}' ><h2 style=\"--font-weight:theme;margin-bottom:15px;\">H\u0130ZMETLER\u0130M\u0130Z<\/h2><\/div><div class=\"uvc-heading-spacer image_only\" style=\"margin-bottom:40px;\"><img src=\"https:\/\/orientviphamam.com\/vip\/wp-content\/uploads\/2019\/02\/logo-simge.png\" class=\"ultimate-headings-icon-image\" alt=\"null\" style=\"width:48px\"\/><\/div><\/div>[\/vc_column][\/vc_row][vc_row bg_type=&#8221;image&#8221; parallax_style=&#8221;vcpb-default&#8221; bg_image_new=&#8221;id^98|url^http:\/\/orientviphamam.com\/test\/wp-content\/uploads\/2019\/02\/Index-bg-services.jpg|caption^null|alt^null|title^Index-bg-services|description^null&#8221; bg_image_repeat=&#8221;no-repeat&#8221; bg_img_attach=&#8221;fixed&#8221; bg_override=&#8221;ex-full&#8221; css=&#8221;.vc_custom_1551342015566{margin-bottom: -20px !important;padding-bottom: 50px !important;}&#8221;][vc_column width=&#8221;1\/3&#8243;]<div class=\"ult-new-ib ult-ib-effect-style10  ult-ib-resp  \" data-min-width=\"768\" data-max-width=\"900\" style=\"background:#000000;\" data-opacity=\"0.7\" data-hover-opacity=\"0.2\" ><img class=\"ult-new-ib-img\" style=\"opacity:0.7;\" alt=\"null\" src=\"https:\/\/orientviphamam.com\/vip\/wp-content\/uploads\/2019\/02\/hamam-cover.jpg\"   \/><div id=\"interactive-banner-wrap-3313\" class=\"ult-new-ib-desc\" style=\"\"><h2 class=\"ult-new-ib-title ult-responsive\"  data-ultimate-target='#interactive-banner-wrap-3313 .ult-new-ib-title'  data-responsive-json-new='{\"font-size\":\"desktop:30px;\",\"line-height\":\"\"}'  style=\"font-weight:normal;\">T\u00dcRK HAMAMI<\/h2><div class=\"ult-new-ib-content ult-responsive\"  data-ultimate-target='#interactive-banner-wrap-3313 .ult-new-ib-content'  data-responsive-json-new='{\"font-size\":\"\",\"line-height\":\"\"}'  style=\"font-weight:normal;\"><p>Detayl\u0131 Bilgi \u0130\u00e7in T\u0131klay\u0131n<\/p><\/div><\/div><a class=\"ult-new-ib-link\" href=\"http:\/\/orientviphamam.com\/vip\/tr\/turk-hamami\/\"  ><\/a><\/div><script type=\"text\/javascript\">\n\t\t\t(function($){\n\t\t\t\t$(document).ready(function(){\n\t\t\t\t\t$(\".ult-new-ib\").css(\"opacity\",\"1\");\n\t\t\t\t});\n\t\t\t})(jQuery);\n\t\t\t<\/script><div class=\"ult-new-ib ult-ib-effect-style10  ult-ib-resp  \" data-min-width=\"768\" data-max-width=\"900\" style=\"background:#000000;\" data-opacity=\"0.7\" data-hover-opacity=\"0.2\" ><img class=\"ult-new-ib-img\" style=\"opacity:0.7;\" alt=\"null\" src=\"https:\/\/orientviphamam.com\/vip\/wp-content\/uploads\/2022\/04\/255dd8de-112c-4011-ba6a-4900d1d36b56.jpeg\"   \/><div id=\"interactive-banner-wrap-6655\" class=\"ult-new-ib-desc\" style=\"\"><h2 class=\"ult-new-ib-title ult-responsive\"  data-ultimate-target='#interactive-banner-wrap-6655 .ult-new-ib-title'  data-responsive-json-new='{\"font-size\":\"desktop:30px;\",\"line-height\":\"\"}'  style=\"font-weight:normal;\">RAHATLAMA ODASI<\/h2><div class=\"ult-new-ib-content ult-responsive\"  data-ultimate-target='#interactive-banner-wrap-6655 .ult-new-ib-content'  data-responsive-json-new='{\"font-size\":\"\",\"line-height\":\"\"}'  style=\"font-weight:normal;\"><p>Detayl\u0131 Bilgi \u0130\u00e7in T\u0131klay\u0131n<\/p><\/div><\/div><a class=\"ult-new-ib-link\" href=\"http:\/\/orientviphamam.com\/vip\/tr\/rahatlama-odasi\/\"  ><\/a><\/div><script type=\"text\/javascript\">\n\t\t\t(function($){\n\t\t\t\t$(document).ready(function(){\n\t\t\t\t\t$(\".ult-new-ib\").css(\"opacity\",\"1\");\n\t\t\t\t});\n\t\t\t})(jQuery);\n\t\t\t<\/script>[\/vc_column][vc_column width=&#8221;1\/3&#8243;]<div class=\"ult-new-ib ult-ib-effect-style10  ult-ib-resp  \" data-min-width=\"768\" data-max-width=\"900\" style=\"background:#000000;\" data-opacity=\"0.7\" data-hover-opacity=\"0.2\" ><img class=\"ult-new-ib-img\" style=\"opacity:0.7;\" alt=\"null\" src=\"https:\/\/orientviphamam.com\/vip\/wp-content\/uploads\/2019\/02\/sauna-cover.jpg\"   \/><div id=\"interactive-banner-wrap-6498\" class=\"ult-new-ib-desc\" style=\"\"><h2 class=\"ult-new-ib-title ult-responsive\"  data-ultimate-target='#interactive-banner-wrap-6498 .ult-new-ib-title'  data-responsive-json-new='{\"font-size\":\"desktop:30px;\",\"line-height\":\"\"}'  style=\"font-weight:normal;\">SAUNA<\/h2><div class=\"ult-new-ib-content ult-responsive\"  data-ultimate-target='#interactive-banner-wrap-6498 .ult-new-ib-content'  data-responsive-json-new='{\"font-size\":\"\",\"line-height\":\"\"}'  style=\"font-weight:normal;\"><p>Detayl\u0131 Bilgi \u0130\u00e7in T\u0131klay\u0131n<\/p><\/div><\/div><a class=\"ult-new-ib-link\" href=\"http:\/\/orientviphamam.com\/vip\/tr\/sauna\/\"  ><\/a><\/div><script type=\"text\/javascript\">\n\t\t\t(function($){\n\t\t\t\t$(document).ready(function(){\n\t\t\t\t\t$(\".ult-new-ib\").css(\"opacity\",\"1\");\n\t\t\t\t});\n\t\t\t})(jQuery);\n\t\t\t<\/script><div class=\"ult-new-ib ult-ib-effect-style10  ult-ib-resp  \" data-min-width=\"768\" data-max-width=\"900\" style=\"background:#000000;\" data-opacity=\"0.7\" data-hover-opacity=\"0.2\" ><img class=\"ult-new-ib-img\" style=\"opacity:0.7;\" alt=\"null\" src=\"https:\/\/orientviphamam.com\/vip\/wp-content\/uploads\/2019\/02\/masaj-2.jpg\"   \/><div id=\"interactive-banner-wrap-6191\" class=\"ult-new-ib-desc\" style=\"\"><h2 class=\"ult-new-ib-title ult-responsive\"  data-ultimate-target='#interactive-banner-wrap-6191 .ult-new-ib-title'  data-responsive-json-new='{\"font-size\":\"desktop:30px;\",\"line-height\":\"\"}'  style=\"font-weight:normal;\">MASAJ<\/h2><div class=\"ult-new-ib-content ult-responsive\"  data-ultimate-target='#interactive-banner-wrap-6191 .ult-new-ib-content'  data-responsive-json-new='{\"font-size\":\"\",\"line-height\":\"\"}'  style=\"font-weight:normal;\"><p>Detayl\u0131 Bilgi \u0130\u00e7in T\u0131klay\u0131n<\/p><\/div><\/div><a class=\"ult-new-ib-link\" href=\"http:\/\/orientviphamam.com\/vip\/tr\/masaj\/\"  ><\/a><\/div><script type=\"text\/javascript\">\n\t\t\t(function($){\n\t\t\t\t$(document).ready(function(){\n\t\t\t\t\t$(\".ult-new-ib\").css(\"opacity\",\"1\");\n\t\t\t\t});\n\t\t\t})(jQuery);\n\t\t\t<\/script>[\/vc_column][vc_column width=&#8221;1\/3&#8243;]<div class=\"ult-new-ib ult-ib-effect-style10  ult-ib-resp  \" data-min-width=\"768\" data-max-width=\"900\" style=\"background:#000000;\" data-opacity=\"0.7\" data-hover-opacity=\"0.2\" ><img class=\"ult-new-ib-img\" style=\"opacity:0.7;\" alt=\"null\" src=\"https:\/\/orientviphamam.com\/vip\/wp-content\/uploads\/2019\/02\/buhar-banyosu-cover.jpg\"   \/><div id=\"interactive-banner-wrap-8014\" class=\"ult-new-ib-desc\" style=\"\"><h2 class=\"ult-new-ib-title ult-responsive\"  data-ultimate-target='#interactive-banner-wrap-8014 .ult-new-ib-title'  data-responsive-json-new='{\"font-size\":\"desktop:30px;\",\"line-height\":\"\"}'  style=\"font-weight:normal;\">BUHAR BANYOSU<\/h2><div class=\"ult-new-ib-content ult-responsive\"  data-ultimate-target='#interactive-banner-wrap-8014 .ult-new-ib-content'  data-responsive-json-new='{\"font-size\":\"\",\"line-height\":\"\"}'  style=\"font-weight:normal;\"><p>Detayl\u0131 Bilgi \u0130\u00e7in T\u0131klay\u0131n<\/p><\/div><\/div><a class=\"ult-new-ib-link\" href=\"http:\/\/orientviphamam.com\/vip\/tr\/buhar-banyosu\/\"  ><\/a><\/div><script type=\"text\/javascript\">\n\t\t\t(function($){\n\t\t\t\t$(document).ready(function(){\n\t\t\t\t\t$(\".ult-new-ib\").css(\"opacity\",\"1\");\n\t\t\t\t});\n\t\t\t})(jQuery);\n\t\t\t<\/script><div class=\"ult-new-ib ult-ib-effect-style10  ult-ib-resp  \" data-min-width=\"768\" data-max-width=\"900\" style=\"background:#000000;\" data-opacity=\"0.7\" data-hover-opacity=\"0.2\" ><img class=\"ult-new-ib-img\" style=\"opacity:0.7;\" alt=\"null\" src=\"https:\/\/orientviphamam.com\/vip\/wp-content\/uploads\/2021\/08\/FOOT.jpg\"   \/><div id=\"interactive-banner-wrap-1087\" class=\"ult-new-ib-desc\" style=\"\"><h2 class=\"ult-new-ib-title ult-responsive\"  data-ultimate-target='#interactive-banner-wrap-1087 .ult-new-ib-title'  data-responsive-json-new='{\"font-size\":\"desktop:30px;\",\"line-height\":\"\"}'  style=\"font-weight:normal;\">AYAK MASAJI<\/h2><div class=\"ult-new-ib-content ult-responsive\"  data-ultimate-target='#interactive-banner-wrap-1087 .ult-new-ib-content'  data-responsive-json-new='{\"font-size\":\"\",\"line-height\":\"\"}'  style=\"font-weight:normal;\"><p>Detayl\u0131 Bilgi \u0130\u00e7in T\u0131klay\u0131n<\/p><\/div><\/div><a class=\"ult-new-ib-link\" href=\"http:\/\/orientviphamam.com\/vip\/tr\/masaj\/\"  ><\/a><\/div><script type=\"text\/javascript\">\n\t\t\t(function($){\n\t\t\t\t$(document).ready(function(){\n\t\t\t\t\t$(\".ult-new-ib\").css(\"opacity\",\"1\");\n\t\t\t\t});\n\t\t\t})(jQuery);\n\t\t\t<\/script>[\/vc_column][\/vc_row][vc_row bg_type=&#8221;image&#8221; parallax_style=&#8221;vcpb-default&#8221; bg_image_new=&#8221;id^98|url^http:\/\/orientviphamam.com\/wp-content\/uploads\/2019\/02\/Index-bg-services.jpg|caption^null|alt^null|title^Index-bg-services|description^null&#8221; bg_image_repeat=&#8221;no-repeat&#8221; bg_img_attach=&#8221;fixed&#8221; bg_override=&#8221;ex-full&#8221;][vc_column]<div class=\" ubtn-ctn-center \"><a class=\"ubtn-link ult-adjust-bottom-margin ubtn-center ubtn-large \" href=\"http:\/\/orientviphamam.com\/vip\/tr\/iletisim\/\" ><button type=\"button\" id=\"ubtn-6467\"  class=\"ubtn ult-adjust-bottom-margin ult-responsive ubtn-large ubtn-fade-bg  none  ubtn-center   tooltip-69e644c33a4ee\"  data-hover=\"#ffffff\" data-border-color=\"\" data-bg=\"#63c3d1\" data-hover-bg=\"#00b5d1\" data-border-hover=\"\" data-shadow-hover=\"\" data-shadow-click=\"none\" data-shadow=\"\" data-shd-shadow=\"\"  data-ultimate-target='#ubtn-6467'  data-responsive-json-new='{\"font-size\":\"desktop:25px;\",\"line-height\":\"\"}'  style=\"font-weight:bold;border:none;background: #63c3d1;color: #ffffff;\"><span class=\"ubtn-hover\" style=\"background-color:#00b5d1\"><\/span><span class=\"ubtn-data ubtn-text \" >Rezervasyon Yap<\/span><\/button><\/a><\/div>[\/vc_column][\/vc_row][vc_row bg_type=&#8221;image&#8221; parallax_style=&#8221;vcpb-default&#8221; bg_image_new=&#8221;id^98|url^http:\/\/orientviphamam.com\/test\/wp-content\/uploads\/2019\/02\/Index-bg-services.jpg|caption^null|alt^null|title^Index-bg-services|description^null&#8221; bg_image_repeat=&#8221;no-repeat&#8221; bg_img_attach=&#8221;fixed&#8221; bg_override=&#8221;ex-full&#8221; css=&#8221;.vc_custom_1553242972229{margin-bottom: -15px !important;}&#8221;][vc_column]<div id=\"ultimate-heading-57769e644c33a563\" class=\"uvc-heading ult-adjust-bottom-margin ultimate-heading-57769e644c33a563 uvc-4609  uvc-heading-default-font-sizes\" data-hspacer=\"no_spacer\"  data-halign=\"center\" style=\"text-align:center\"><div class=\"uvc-heading-spacer no_spacer\" style=\"top\"><\/div><div class=\"uvc-main-heading ult-responsive\"  data-ultimate-target='.uvc-heading.ultimate-heading-57769e644c33a563 h2'  data-responsive-json-new='{\"font-size\":\"\",\"line-height\":\"\"}' ><h2 style=\"--font-weight:theme;margin-bottom:15px;\">\u00dcCRETS\u0130Z TRANSFER<\/h2><\/div><div class=\"uvc-sub-heading ult-responsive\"  data-ultimate-target='.uvc-heading.ultimate-heading-57769e644c33a563 .uvc-sub-heading '  data-responsive-json-new='{\"font-size\":\"\",\"line-height\":\"\"}'  style=\"font-weight:normal;margin-bottom:30px;\">Transfer hizmetimizden faydalanmak i\u00e7in bizimle ileti\u015fime ge\u00e7in.<\/div><\/div>[vc_single_image image=&#8221;273&#8243; img_size=&#8221;full&#8221; alignment=&#8221;center&#8221;]<div class=\" ubtn-ctn-center \"><a class=\"ubtn-link ult-adjust-bottom-margin ubtn-center ubtn-large \" href=\"http:\/\/orientviphamam.com\/vip\/tr\/iletisim\/\" ><button type=\"button\" id=\"ubtn-5866\"  class=\"ubtn ult-adjust-bottom-margin ult-responsive ubtn-large ubtn-fade-bg  none  ubtn-center   tooltip-69e644c33a5a3\"  data-hover=\"#ffffff\" data-border-color=\"\" data-bg=\"#63c3d1\" data-hover-bg=\"#1bb8d1\" data-border-hover=\"\" data-shadow-hover=\"\" data-shadow-click=\"none\" data-shadow=\"\" data-shd-shadow=\"\"  data-ultimate-target='#ubtn-5866'  data-responsive-json-new='{\"font-size\":\"\",\"line-height\":\"\"}'  style=\"font-weight:normal;border:none;background: #63c3d1;color: #ffffff;\"><span class=\"ubtn-hover\" style=\"background-color:#1bb8d1\"><\/span><span class=\"ubtn-data ubtn-text \" >\u0130LET\u0130\u015e\u0130M<\/span><\/button><\/a><\/div>[\/vc_column][\/vc_row][vc_row bg_type=&#8221;image&#8221; parallax_style=&#8221;vcpb-default&#8221; bg_image_new=&#8221;id^36|url^http:\/\/orientviphamam.com\/test\/wp-content\/uploads\/2019\/02\/video-bg-2-1.jpg|caption^null|alt^null|title^video-bg-2|description^null&#8221; bg_img_attach=&#8221;fixed&#8221; bg_override=&#8221;ex-full&#8221; css=&#8221;.vc_custom_1551190322471{margin-top: 15px !important;}&#8221;][vc_column][rev_slider_vc alias=&#8221;videoslider&#8221;][\/vc_column][\/vc_row][vc_row bg_type=&#8221;image&#8221; parallax_style=&#8221;vcpb-default&#8221; bg_image_new=&#8221;id^98|url^http:\/\/orientviphamam.com\/test\/wp-content\/uploads\/2019\/02\/Index-bg-services.jpg|caption^null|alt^null|title^Index-bg-services|description^null&#8221; bg_image_repeat=&#8221;no-repeat&#8221; bg_img_attach=&#8221;fixed&#8221; bg_override=&#8221;ex-full&#8221;][vc_column]<div id=\"ultimate-heading-225669e644c33a5ea\" class=\"uvc-heading ult-adjust-bottom-margin ultimate-heading-225669e644c33a5ea uvc-8947  uvc-heading-default-font-sizes\" data-hspacer=\"no_spacer\"  data-halign=\"center\" style=\"text-align:center\"><div class=\"uvc-heading-spacer no_spacer\" style=\"top\"><\/div><div class=\"uvc-main-heading ult-responsive\"  data-ultimate-target='.uvc-heading.ultimate-heading-225669e644c33a5ea h2'  data-responsive-json-new='{\"font-size\":\"\",\"line-height\":\"\"}' ><h2 style=\"--font-weight:theme;margin-top:20px;margin-bottom:40px;\">SIK\u00c7A SORULAN SORULAR<\/h2><\/div><\/div>[\/vc_column][\/vc_row][vc_row bg_type=&#8221;image&#8221; parallax_style=&#8221;vcpb-default&#8221; bg_image_new=&#8221;id^98|url^http:\/\/orientviphamam.com\/test\/wp-content\/uploads\/2019\/02\/Index-bg-services.jpg|caption^null|alt^null|title^Index-bg-services|description^null&#8221; bg_image_repeat=&#8221;no-repeat&#8221; bg_img_attach=&#8221;fixed&#8221; bg_override=&#8221;ex-full&#8221;][vc_column width=&#8221;1\/4&#8243;][vc_single_image image=&#8221;94&#8243; img_size=&#8221;full&#8221;][\/vc_column][vc_column width=&#8221;3\/4&#8243;][vc_tour interval=&#8221;0&#8243;][vc_tab title=&#8221;Seans\u0131ma Ne Zaman Gelmeliyim ?&#8221; tab_id=&#8221;cad9e8de-636a-4&#8243;][vc_column_text]L\u00fctfen seans saatinizden 15 dakika \u00f6nce burada olun.Ge\u00e7 gelmeniz durumunda seans s\u00fcrenizden d\u00fc\u015f\u00fclecektir.E\u011fer seans\u0131n\u0131za 15 dakikadan daha fazla bir s\u00fcrede gelirseniz,yeniden randevu alman\u0131z gerekecektir.[\/vc_column_text][\/vc_tab][vc_tab title=&#8221;Hamamda Ne Giymeliyim ?&#8221; tab_id=&#8221;f3d62386-f290-4&#8243;][vc_column_text]Mahremiyetinize t\u00fcm seans boyunca sayg\u0131 duyulacakt\u0131r,mayonuzu veya bikininizi giymenizi \u00f6neriyoruz.[\/vc_column_text][\/vc_tab][vc_tab title=&#8221;Sa\u011fl\u0131k Sorunlar\u0131ma \u0130li\u015fkin Ne Yapmayl\u0131y\u0131m ?&#8221; tab_id=&#8221;1551340849797-2-7&#8243;][vc_column_text]E\u011fer herhangi bir sa\u011fl\u0131k probleminiz veya fiziksel bir s\u0131k\u0131nt\u0131n\u0131z var ise l\u00fctfen hamam y\u00f6neticimize yada resepsiyon g\u00f6revlisini bilgilendiriniz.[\/vc_column_text][\/vc_tab][vc_tab title=&#8221;\u0130ptal Politikas\u0131!&#8221; tab_id=&#8221;1551340902811-3-4&#8243;][vc_column_text]E\u011fer randevunuzdan \u00f6nce rezervasyonunuzu iptal etmek yada yeniden planlamak isterseniz, istekleriniz do\u011frultusunda bizi bilgilendirmeniz i\u00e7in seanstan minimum 2 saat \u00f6nce bizle ileti\u015fime ge\u00e7meniz rica edinir.Orient Spa Merkezi %50 iade politikas\u0131 ile \u00e7al\u0131\u015f\u0131r.[\/vc_column_text][\/vc_tab][\/vc_tour][\/vc_column][\/vc_row][vc_row bg_type=&#8221;image&#8221; parallax_style=&#8221;vcpb-default&#8221; bg_image_new=&#8221;id^98|url^http:\/\/orientviphamam.com\/test\/wp-content\/uploads\/2019\/02\/Index-bg-services.jpg|caption^null|alt^null|title^Index-bg-services|description^null&#8221; bg_image_repeat=&#8221;no-repeat&#8221; bg_img_attach=&#8221;fixed&#8221; bg_override=&#8221;ex-full&#8221; css=&#8221;.vc_custom_1553254751543{margin-bottom: -70px !important;padding-bottom: 30px !important;}&#8221;][vc_column]<div id=\"ultimate-heading-638969e644c33a61d\" class=\"uvc-heading ult-adjust-bottom-margin ultimate-heading-638969e644c33a61d uvc-6493  uvc-heading-default-font-sizes\" data-hspacer=\"no_spacer\"  data-halign=\"center\" style=\"text-align:center\"><div class=\"uvc-heading-spacer no_spacer\" style=\"top\"><\/div><div class=\"uvc-main-heading ult-responsive\"  data-ultimate-target='.uvc-heading.ultimate-heading-638969e644c33a61d h2'  data-responsive-json-new='{\"font-size\":\"\",\"line-height\":\"\"}' ><h2 style=\"--font-weight:theme;margin-top:20px;margin-bottom:40px;\">PARTNERLER\u0130M\u0130Z<\/h2><\/div><\/div><div id=\"ult-carousel-85274909769e644c33a71e\" class=\"ult-carousel-wrapper   ult_horizontal\" data-gutter=\"15\" data-rtl=\"false\" ><div class=\"ult-carousel-384980561469e644c33a64c \" >[vc_single_image image=&#8221;194&#8243; img_size=&#8221;full&#8221; alignment=&#8221;center&#8221;][vc_single_image image=&#8221;195&#8243; img_size=&#8221;full&#8221; alignment=&#8221;center&#8221;][vc_single_image image=&#8221;196&#8243; img_size=&#8221;full&#8221; alignment=&#8221;center&#8221;][vc_single_image image=&#8221;198&#8243; img_size=&#8221;full&#8221; alignment=&#8221;center&#8221;][vc_single_image image=&#8221;197&#8243; img_size=&#8221;full&#8221; alignment=&#8221;center&#8221;][vc_single_image image=&#8221;202&#8243; img_size=&#8221;full&#8221; alignment=&#8221;center&#8221;][vc_single_image image=&#8221;201&#8243; img_size=&#8221;full&#8221; alignment=&#8221;center&#8221;][vc_single_image image=&#8221;495&#8243; img_size=&#8221;full&#8221; alignment=&#8221;center&#8221;][vc_single_image image=&#8221;199&#8243; img_size=&#8221;full&#8221; alignment=&#8221;center&#8221;][vc_single_image image=&#8221;203&#8243; img_size=&#8221;full&#8221; alignment=&#8221;center&#8221;][vc_single_image image=&#8221;204&#8243; img_size=&#8221;full&#8221; alignment=&#8221;center&#8221;][vc_single_image image=&#8221;205&#8243; img_size=&#8221;full&#8221; alignment=&#8221;center&#8221;][vc_single_image image=&#8221;207&#8243; img_size=&#8221;full&#8221; alignment=&#8221;center&#8221;][vc_single_image image=&#8221;206&#8243; img_size=&#8221;full&#8221; alignment=&#8221;center&#8221;][vc_single_image image=&#8221;208&#8243; img_size=&#8221;full&#8221; alignment=&#8221;center&#8221;][vc_single_image image=&#8221;209&#8243; img_size=&#8221;full&#8221; alignment=&#8221;center&#8221;][vc_single_image image=&#8221;215&#8243; img_size=&#8221;full&#8221; alignment=&#8221;center&#8221;][vc_single_image image=&#8221;214&#8243; img_size=&#8221;full&#8221; alignment=&#8221;center&#8221;][vc_single_image image=&#8221;211&#8243; img_size=&#8221;full&#8221; alignment=&#8221;center&#8221;][vc_single_image image=&#8221;497&#8243; img_size=&#8221;full&#8221; alignment=&#8221;center&#8221;][vc_single_image image=&#8221;499&#8243; img_size=&#8221;full&#8221; alignment=&#8221;center&#8221;][vc_single_image image=&#8221;520&#8243; img_size=&#8221;full&#8221; alignment=&#8221;center&#8221;][vc_single_image image=&#8221;607&#8243; img_size=&#8221;full&#8221; alignment=&#8221;center&#8221;]<\/div><\/div>\t\t\t<script type=\"text\/javascript\">\n\t\t\t\tjQuery(document).ready(function ($) {\n\t\t\t\t\tif( typeof jQuery('.ult-carousel-384980561469e644c33a64c').slick == \"function\"){\n\t\t\t\t\t\t$('.ult-carousel-384980561469e644c33a64c').slick({dots: true,autoplay: true,autoplaySpeed: 4500,speed: 1000,infinite: true,arrows: true,nextArrow: '<button type=\"button\" role=\"button\" aria-label=\"Next\" style=\"color:#0c0101; font-size:32px;\" class=\"slick-next default\"><i class=\"ultsl-arrow-right4\"><\/i><\/button>',prevArrow: '<button type=\"button\" role=\"button\" aria-label=\"Previous\" style=\"color:#0c0101; font-size:32px;\" class=\"slick-prev default\"><i class=\"ultsl-arrow-left4\"><\/i><\/button>',slidesToScroll:5,slidesToShow:5,swipe: true,draggable: true,touchMove: true,pauseOnHover: true,pauseOnFocus: false,responsive: [\n\t\t\t\t\t\t\t{\n\t\t\t\t\t\t\t  breakpoint: 1026,\n\t\t\t\t\t\t\t  settings: {\n\t\t\t\t\t\t\t\tslidesToShow: 5,\n\t\t\t\t\t\t\t\tslidesToScroll: 5,  \n\t\t\t\t\t\t\t  }\n\t\t\t\t\t\t\t},\n\t\t\t\t\t\t\t{\n\t\t\t\t\t\t\t  breakpoint: 1025,\n\t\t\t\t\t\t\t  settings: {\n\t\t\t\t\t\t\t\tslidesToShow: 3,\n\t\t\t\t\t\t\t\tslidesToScroll: 3\n\t\t\t\t\t\t\t  }\n\t\t\t\t\t\t\t},\n\t\t\t\t\t\t\t{\n\t\t\t\t\t\t\t  breakpoint: 760,\n\t\t\t\t\t\t\t  settings: {\n\t\t\t\t\t\t\t\tslidesToShow: 2,\n\t\t\t\t\t\t\t\tslidesToScroll: 2\n\t\t\t\t\t\t\t  }\n\t\t\t\t\t\t\t}\n\t\t\t\t\t\t],pauseOnDotsHover: true,customPaging: function(slider, i) {\n                   return '<i type=\"button\" style= \"color:#333333;\" class=\"ultsl-record\" data-role=\"none\"><\/i>';\n                },});\n\t\t\t\t\t}\n\t\t\t\t});\n\t\t\t<\/script>\n\t\t\t[\/vc_column][\/vc_row]<\/p>\n","protected":false},"excerpt":{"rendered":"<p>[vc_row bg_type=&#8221;image&#8221; parallax_style=&#8221;vcpb-default&#8221; bg_image_new=&#8221;id^98|url^http:\/\/orientviphamam.com\/test\/wp-content\/uploads\/2019\/02\/Index-bg-services.jpg|caption^null|alt^null|title^Index-bg-services|description^null&#8221; bg_image_repeat=&#8221;no-repeat&#8221; bg_img_attach=&#8221;fixed&#8221; bg_override=&#8221;ex-full&#8221; css=&#8221;.vc_custom_1551341952079{margin-top: -70px !important;padding-top: 20px !important;}&#8221;][vc_column][\/vc_column][\/vc_row][vc_row bg_type=&#8221;image&#8221; parallax_style=&#8221;vcpb-default&#8221; bg_image_new=&#8221;id^98|url^http:\/\/orientviphamam.com\/test\/wp-content\/uploads\/2019\/02\/Index-bg-services.jpg|caption^null|alt^null|title^Index-bg-services|description^null&#8221; bg_image_repeat=&#8221;no-repeat&#8221; bg_img_attach=&#8221;fixed&#8221; bg_override=&#8221;ex-full&#8221; css=&#8221;.vc_custom_1551342015566{margin-bottom: -20px !important;padding-bottom: 50px !important;}&#8221;][vc_column width=&#8221;1\/3&#8243;][\/vc_column][vc_column width=&#8221;1\/3&#8243;][\/vc_column][vc_column width=&#8221;1\/3&#8243;][\/vc_column][\/vc_row][vc_row bg_type=&#8221;image&#8221; parallax_style=&#8221;vcpb-default&#8221; bg_image_new=&#8221;id^98|url^http:\/\/orientviphamam.com\/wp-content\/uploads\/2019\/02\/Index-bg-services.jpg|caption^null|alt^null|title^Index-bg-services|description^null&#8221; bg_image_repeat=&#8221;no-repeat&#8221; bg_img_attach=&#8221;fixed&#8221; bg_override=&#8221;ex-full&#8221;][vc_column][\/vc_column][\/vc_row][vc_row bg_type=&#8221;image&#8221; parallax_style=&#8221;vcpb-default&#8221; bg_image_new=&#8221;id^98|url^http:\/\/orientviphamam.com\/test\/wp-content\/uploads\/2019\/02\/Index-bg-services.jpg|caption^null|alt^null|title^Index-bg-services|description^null&#8221; bg_image_repeat=&#8221;no-repeat&#8221; bg_img_attach=&#8221;fixed&#8221; bg_override=&#8221;ex-full&#8221; css=&#8221;.vc_custom_1553242972229{margin-bottom: -15px !important;}&#8221;][vc_column][vc_single_image image=&#8221;273&#8243; img_size=&#8221;full&#8221; alignment=&#8221;center&#8221;][\/vc_column][\/vc_row][vc_row bg_type=&#8221;image&#8221; parallax_style=&#8221;vcpb-default&#8221; bg_image_new=&#8221;id^36|url^http:\/\/orientviphamam.com\/test\/wp-content\/uploads\/2019\/02\/video-bg-2-1.jpg|caption^null|alt^null|title^video-bg-2|description^null&#8221; bg_img_attach=&#8221;fixed&#8221; bg_override=&#8221;ex-full&#8221; css=&#8221;.vc_custom_1551190322471{margin-top: 15px !important;}&#8221;][vc_column][rev_slider_vc alias=&#8221;videoslider&#8221;][\/vc_column][\/vc_row][vc_row bg_type=&#8221;image&#8221; parallax_style=&#8221;vcpb-default&#8221;&hellip;<\/p>\n","protected":false},"author":1,"featured_media":0,"parent":0,"menu_order":0,"comment_status":"closed","ping_status":"closed","template":"","meta":{"_joinchat":[]},"_links":{"self":[{"href":"https:\/\/orientviphamam.com\/vip\/tr\/wp-json\/wp\/v2\/pages\/10"}],"collection":[{"href":"https:\/\/orientviphamam.com\/vip\/tr\/wp-json\/wp\/v2\/pages"}],"about":[{"href":"https:\/\/orientviphamam.com\/vip\/tr\/wp-json\/wp\/v2\/types\/page"}],"author":[{"embeddable":true,"href":"https:\/\/orientviphamam.com\/vip\/tr\/wp-json\/wp\/v2\/users\/1"}],"replies":[{"embeddable":true,"href":"https:\/\/orientviphamam.com\/vip\/tr\/wp-json\/wp\/v2\/comments?post=10"}],"version-history":[{"count":103,"href":"https:\/\/orientviphamam.com\/vip\/tr\/wp-json\/wp\/v2\/pages\/10\/revisions"}],"predecessor-version":[{"id":769,"href":"https:\/\/orientviphamam.com\/vip\/tr\/wp-json\/wp\/v2\/pages\/10\/revisions\/769"}],"wp:attachment":[{"href":"https:\/\/orientviphamam.com\/vip\/tr\/wp-json\/wp\/v2\/media?parent=10"}],"curies":[{"name":"wp","href":"https:\/\/api.w.org\/{rel}","templated":true}]}}