{"id":43,"date":"2019-02-27T11:38:32","date_gmt":"2019-02-27T08:38:32","guid":{"rendered":"http:\/\/orientviphamam.com\/test\/?page_id=43"},"modified":"2019-03-01T14:05:54","modified_gmt":"2019-03-01T11:05:54","slug":"hakkimizda","status":"publish","type":"page","link":"https:\/\/orientviphamam.com\/vip\/tr\/hakkimizda\/","title":{"rendered":"Hakk\u0131m\u0131zda"},"content":{"rendered":"<p>[vc_row full_height=&#8221;yes&#8221; columns_placement=&#8221;top&#8221;][vc_column width=&#8221;1\/2&#8243;][vc_column_text]Orient VIP Hamam\u2026 Herkesin aray\u0131p da bulamad\u0131\u011f\u0131 nitelikte bir tesis. Siz de\u011ferli konuklar\u0131, e\u015fsiz hizmet ve Orient VIP Hamam&#8217;daki uzman personeli bir araya getirmenin hakl\u0131 gururunu ya\u015f\u0131yoruz. Orient VIP Hamam, T\u00fcrk hamam\u0131, peeling, k\u00f6p\u00fck banyosu ve k\u00f6p\u00fck masaj\u0131, sauna, farkl\u0131 masajl\u0131 buhar banyosu ve terapi se\u00e7enekleriyle konuklara konfor sa\u011flamay\u0131 hedefliyor.[\/vc_column_text][\/vc_column][vc_column width=&#8221;1\/2&#8243;][vc_single_image image=&#8221;44&#8243; img_size=&#8221;full&#8221; alignment=&#8221;center&#8221;][\/vc_column][\/vc_row]<\/p>\n","protected":false},"excerpt":{"rendered":"<p>[vc_row full_height=&#8221;yes&#8221; columns_placement=&#8221;top&#8221;][vc_column width=&#8221;1\/2&#8243;][vc_column_text]Orient VIP Hamam\u2026 Herkesin aray\u0131p da bulamad\u0131\u011f\u0131 nitelikte bir tesis. Siz de\u011ferli konuklar\u0131, e\u015fsiz hizmet ve Orient VIP Hamam&#8217;daki uzman personeli bir araya getirmenin hakl\u0131 gururunu ya\u015f\u0131yoruz. Orient VIP Hamam, T\u00fcrk hamam\u0131, peeling, k\u00f6p\u00fck banyosu ve k\u00f6p\u00fck masaj\u0131, sauna, farkl\u0131 masajl\u0131 buhar banyosu ve terapi se\u00e7enekleriyle konuklara konfor sa\u011flamay\u0131 hedefliyor.[\/vc_column_text][\/vc_column][vc_column width=&#8221;1\/2&#8243;][vc_single_image image=&#8221;44&#8243;&hellip;<\/p>\n","protected":false},"author":1,"featured_media":0,"parent":0,"menu_order":0,"comment_status":"closed","ping_status":"closed","template":"","meta":{"_joinchat":[]},"_links":{"self":[{"href":"https:\/\/orientviphamam.com\/vip\/tr\/wp-json\/wp\/v2\/pages\/43"}],"collection":[{"href":"https:\/\/orientviphamam.com\/vip\/tr\/wp-json\/wp\/v2\/pages"}],"about":[{"href":"https:\/\/orientviphamam.com\/vip\/tr\/wp-json\/wp\/v2\/types\/page"}],"author":[{"embeddable":true,"href":"https:\/\/orientviphamam.com\/vip\/tr\/wp-json\/wp\/v2\/users\/1"}],"replies":[{"embeddable":true,"href":"https:\/\/orientviphamam.com\/vip\/tr\/wp-json\/wp\/v2\/comments?post=43"}],"version-history":[{"count":2,"href":"https:\/\/orientviphamam.com\/vip\/tr\/wp-json\/wp\/v2\/pages\/43\/revisions"}],"predecessor-version":[{"id":154,"href":"https:\/\/orientviphamam.com\/vip\/tr\/wp-json\/wp\/v2\/pages\/43\/revisions\/154"}],"wp:attachment":[{"href":"https:\/\/orientviphamam.com\/vip\/tr\/wp-json\/wp\/v2\/media?parent=43"}],"curies":[{"name":"wp","href":"https:\/\/api.w.org\/{rel}","templated":true}]}}