{"id":46,"date":"2019-02-27T11:58:27","date_gmt":"2019-02-27T08:58:27","guid":{"rendered":"http:\/\/orientviphamam.com\/test\/?page_id=46"},"modified":"2019-03-28T14:12:16","modified_gmt":"2019-03-28T11:12:16","slug":"turk-hamami","status":"publish","type":"page","link":"https:\/\/orientviphamam.com\/vip\/tr\/turk-hamami\/","title":{"rendered":"T\u00fcrk Hamam\u0131"},"content":{"rendered":"<p>[vc_row full_height=&#8221;yes&#8221; columns_placement=&#8221;top&#8221;][vc_column width=&#8221;1\/2&#8243;][vc_column_text]Geleneksel bir T\u00fcrk Hamam\u0131 canland\u0131r\u0131c\u0131 ve keyifli bir deneyim sunar. Beyaz hijyenik atmosferde cennette oldu\u011funuzu hissedeceksiniz. Sauna s\u0131ras\u0131nda cildinizdeki g\u00f6zenekler a\u00e7\u0131lacak ve belinize (etek gibi) sarman\u0131z i\u00e7in pamuklu bir \u00f6rt\u00fc (pe\u015ftemal) verilecek. Merkezde y\u00fckseltilmi\u015f mermer platformlu (G\u00f6bekta\u015f\u0131) s\u0131cak ve nemli odada vakit ge\u00e7ireceksiniz. Platforma uzand\u0131ktan sonra zihninizi ve v\u00fccudunuzu gev\u015fetmeye ve cildinizin soyulmas\u0131na haz\u0131rlanmaya ba\u015flayacaks\u0131n\u0131z. Personelimiz, \u00f6l\u00fc deri h\u00fccrelerinin katmanlar\u0131n\u0131 d\u00f6kmek ve ba\u015f\u0131n\u0131zdan ayak parmaklar\u0131n\u0131za \u00e7\u0131karmak i\u00e7in kaba bir eldiven veya Kese kullan\u0131r. Daha sonra v\u00fccudunuzdaki t\u00fcm s\u0131k\u0131 kaslar\u0131 a\u00e7acak ve yeniden do\u011fmu\u015f gibi hissedeceksiniz. Profesyonel kadromuz i\u00e7inde sabun bulunan \u00f6zel bir bez kullan\u0131r. T\u00fcm v\u00fccudunuz bu k\u00f6p\u00fckle kaplan\u0131r. Temiz bir \u015fekilde y\u0131kan\u0131r ve havlulara sar\u0131l\u0131rs\u0131n\u0131z ve biraz bitkisel \u00e7ay i\u00e7erken yumu\u015fak m\u00fczik dinleyebilece\u011finiz rahatlat\u0131c\u0131 alan\u0131m\u0131za g\u00f6t\u00fcr\u00fcl\u00fcrs\u00fcn\u00fcz. Sonunda, T\u00fcrk Hamam\u0131 deneyiminizi bitirmek i\u00e7in masaj odas\u0131na davet edilirsiniz.[\/vc_column_text][\/vc_column][vc_column width=&#8221;1\/2&#8243;][vc_single_image image=&#8221;502&#8243; img_size=&#8221;full&#8221; alignment=&#8221;center&#8221;][\/vc_column][\/vc_row]<\/p>\n","protected":false},"excerpt":{"rendered":"<p>[vc_row full_height=&#8221;yes&#8221; columns_placement=&#8221;top&#8221;][vc_column width=&#8221;1\/2&#8243;][vc_column_text]Geleneksel bir T\u00fcrk Hamam\u0131 canland\u0131r\u0131c\u0131 ve keyifli bir deneyim sunar. Beyaz hijyenik atmosferde cennette oldu\u011funuzu hissedeceksiniz. Sauna s\u0131ras\u0131nda cildinizdeki g\u00f6zenekler a\u00e7\u0131lacak ve belinize (etek gibi) sarman\u0131z i\u00e7in pamuklu bir \u00f6rt\u00fc (pe\u015ftemal) verilecek. Merkezde y\u00fckseltilmi\u015f mermer platformlu (G\u00f6bekta\u015f\u0131) s\u0131cak ve nemli odada vakit ge\u00e7ireceksiniz. Platforma uzand\u0131ktan sonra zihninizi ve v\u00fccudunuzu gev\u015fetmeye ve cildinizin&hellip;<\/p>\n","protected":false},"author":1,"featured_media":0,"parent":0,"menu_order":0,"comment_status":"closed","ping_status":"closed","template":"","meta":{"_joinchat":[]},"_links":{"self":[{"href":"https:\/\/orientviphamam.com\/vip\/tr\/wp-json\/wp\/v2\/pages\/46"}],"collection":[{"href":"https:\/\/orientviphamam.com\/vip\/tr\/wp-json\/wp\/v2\/pages"}],"about":[{"href":"https:\/\/orientviphamam.com\/vip\/tr\/wp-json\/wp\/v2\/types\/page"}],"author":[{"embeddable":true,"href":"https:\/\/orientviphamam.com\/vip\/tr\/wp-json\/wp\/v2\/users\/1"}],"replies":[{"embeddable":true,"href":"https:\/\/orientviphamam.com\/vip\/tr\/wp-json\/wp\/v2\/comments?post=46"}],"version-history":[{"count":3,"href":"https:\/\/orientviphamam.com\/vip\/tr\/wp-json\/wp\/v2\/pages\/46\/revisions"}],"predecessor-version":[{"id":504,"href":"https:\/\/orientviphamam.com\/vip\/tr\/wp-json\/wp\/v2\/pages\/46\/revisions\/504"}],"wp:attachment":[{"href":"https:\/\/orientviphamam.com\/vip\/tr\/wp-json\/wp\/v2\/media?parent=46"}],"curies":[{"name":"wp","href":"https:\/\/api.w.org\/{rel}","templated":true}]}}