{"id":53,"date":"2019-02-27T12:06:57","date_gmt":"2019-02-27T09:06:57","guid":{"rendered":"http:\/\/orientviphamam.com\/test\/?page_id=53"},"modified":"2019-02-27T12:07:09","modified_gmt":"2019-02-27T09:07:09","slug":"sauna","status":"publish","type":"page","link":"https:\/\/orientviphamam.com\/vip\/tr\/sauna\/","title":{"rendered":"Sauna"},"content":{"rendered":"<p>[vc_row][vc_column width=&#8221;1\/2&#8243;][vc_column_text]Sauna banyosunun insan sa\u011fl\u0131\u011f\u0131na olumlu y\u00f6nde bir\u00e7ok etkisi vard\u0131r. Saunan\u0131n romatizmadan uyku bozuklu\u011funa gerginlikten depresif s\u0131k\u0131nt\u0131lara kadar, bir\u00e7ok konuda sa\u011fl\u0131\u011f\u0131m\u0131z ile ilgili problemlere kar\u015f\u0131 iyile\u015ftirici ve tedaviye yard\u0131mc\u0131 olacak \u015fekilde etki g\u00f6sterdi\u011fi bug\u00fcn bir\u00e7ok sa\u011fl\u0131k uzman\u0131 taraf\u0131ndan kabul g\u00f6rmektedir. Sauna g\u00fcn\u00fcn stresinden ve sorunlar\u0131ndan s\u0131yr\u0131l\u0131p s\u0131cak, nemli ve ah\u015fap bir oda i\u00e7erisinde hem terleyerek hemde gev\u015feyerek dinlenmenizi ve rahatlaman\u0131z\u0131 saglayan bir sa\u011fl\u0131k kabinidir. Saunan\u0131n Yararlar\u0131 eski \u00e7a\u011flardan beri insanlar taraf\u0131ndan bilinmektedir ve depresif bozukluklar, kire\u00e7lenme, romatizma gibi daha bir \u00e7ok hastal\u0131g\u0131n tedavisinde kullan\u0131lmaktad\u0131r.<\/p>\n<ul class=\"list-default\">\n<li>Ba\u015fta kan dola\u015f\u0131m\u0131n\u0131 h\u0131zland\u0131rarak v\u00fccudunuza zindelik kazand\u0131r\u0131r.\/li&gt;<\/li>\n<li>Fazla ya\u011flar\u0131n eritilmesini sa\u011flar, zay\u0131flat\u0131c\u0131 etkisi vard\u0131r.<\/li>\n<li>V\u00fccudunuzu toksinlerden ve \u00f6l\u00fc h\u00fccrelerden terleme yoluyla ar\u0131nd\u0131r\u0131r.<\/li>\n<li>Kaslar\u0131 yumu\u015fat\u0131p gev\u015fetir. B\u00f6ylece g\u00fcnl\u00fck ya\u015fant\u0131n\u0131zdaki stresi ve beyin yorgunlu\u011funu azarlt\u0131r.<\/li>\n<li>Kas ve eklem a\u011f\u0131r\u0131lar\u0131n\u0131 tedavi etmeyi yard\u0131mc\u0131 olur.<\/li>\n<li>Grip ve nezle gibi enfeksiyonlarda iyile\u015fme s\u00fcrecini h\u0131zland\u0131r\u0131r.<\/li>\n<li>Uyku bozuklu\u011fu, gerginlik gibi depresif sorunlar\u0131n giderilmesine katk\u0131 sa\u011flar.<\/li>\n<li>D\u00fczenli sauna kullan\u0131m\u0131 kire\u00e7lenme, romatizma, sel\u00fclit gibi hastal\u0131klar\u0131n tedavisinde iyile\u015ftirici y\u00f6nde b\u00fcy\u00fck katk\u0131 sa\u011flar.<\/li>\n<\/ul>\n<p>[\/vc_column_text][\/vc_column][vc_column width=&#8221;1\/2&#8243;][vc_single_image image=&#8221;54&#8243; img_size=&#8221;full&#8221; alignment=&#8221;center&#8221;][\/vc_column][\/vc_row]<\/p>\n","protected":false},"excerpt":{"rendered":"<p>[vc_row][vc_column width=&#8221;1\/2&#8243;][vc_column_text]Sauna banyosunun insan sa\u011fl\u0131\u011f\u0131na olumlu y\u00f6nde bir\u00e7ok etkisi vard\u0131r. Saunan\u0131n romatizmadan uyku bozuklu\u011funa gerginlikten depresif s\u0131k\u0131nt\u0131lara kadar, bir\u00e7ok konuda sa\u011fl\u0131\u011f\u0131m\u0131z ile ilgili problemlere kar\u015f\u0131 iyile\u015ftirici ve tedaviye yard\u0131mc\u0131 olacak \u015fekilde etki g\u00f6sterdi\u011fi bug\u00fcn bir\u00e7ok sa\u011fl\u0131k uzman\u0131 taraf\u0131ndan kabul g\u00f6rmektedir. Sauna g\u00fcn\u00fcn stresinden ve sorunlar\u0131ndan s\u0131yr\u0131l\u0131p s\u0131cak, nemli ve ah\u015fap bir oda i\u00e7erisinde hem terleyerek&hellip;<\/p>\n","protected":false},"author":1,"featured_media":0,"parent":0,"menu_order":0,"comment_status":"closed","ping_status":"closed","template":"","meta":{"_joinchat":[]},"_links":{"self":[{"href":"https:\/\/orientviphamam.com\/vip\/tr\/wp-json\/wp\/v2\/pages\/53"}],"collection":[{"href":"https:\/\/orientviphamam.com\/vip\/tr\/wp-json\/wp\/v2\/pages"}],"about":[{"href":"https:\/\/orientviphamam.com\/vip\/tr\/wp-json\/wp\/v2\/types\/page"}],"author":[{"embeddable":true,"href":"https:\/\/orientviphamam.com\/vip\/tr\/wp-json\/wp\/v2\/users\/1"}],"replies":[{"embeddable":true,"href":"https:\/\/orientviphamam.com\/vip\/tr\/wp-json\/wp\/v2\/comments?post=53"}],"version-history":[{"count":1,"href":"https:\/\/orientviphamam.com\/vip\/tr\/wp-json\/wp\/v2\/pages\/53\/revisions"}],"predecessor-version":[{"id":55,"href":"https:\/\/orientviphamam.com\/vip\/tr\/wp-json\/wp\/v2\/pages\/53\/revisions\/55"}],"wp:attachment":[{"href":"https:\/\/orientviphamam.com\/vip\/tr\/wp-json\/wp\/v2\/media?parent=53"}],"curies":[{"name":"wp","href":"https:\/\/api.w.org\/{rel}","templated":true}]}}