{"id":59,"date":"2019-02-27T12:15:06","date_gmt":"2019-02-27T09:15:06","guid":{"rendered":"http:\/\/orientviphamam.com\/test\/?page_id=59"},"modified":"2022-04-13T09:10:52","modified_gmt":"2022-04-13T06:10:52","slug":"rahatlama-odasi","status":"publish","type":"page","link":"https:\/\/orientviphamam.com\/vip\/tr\/rahatlama-odasi\/","title":{"rendered":"Rahatlama Odas\u0131"},"content":{"rendered":"<p>[vc_row full_height=&#8221;yes&#8221; columns_placement=&#8221;top&#8221;][vc_column width=&#8221;1\/2&#8243;][vc_column_text]Huzur i\u00e7inde yapt\u0131rd\u0131\u011f\u0131n\u0131z bak\u0131mlardan sonra bir \u015feyler i\u00e7erek dinlenebilece\u011finiz rahatlama odalar\u0131m\u0131z da konforunuz i\u00e7in her \u015fey d\u00fc\u015f\u00fcn\u00fclm\u00fc\u015ft\u00fcr. Siz de\u011ferli m\u00fc\u015fterilerimizin dinlenebilece\u011fi, sosyalle\u015febilece\u011fi ve dinlenebilece\u011fi rahat ve huzurlu bir yer yaratmak istiyoruz.[\/vc_column_text][\/vc_column][vc_column width=&#8221;1\/2&#8243;][vc_single_image image=&#8221;742&#8243; img_size=&#8221;full&#8221; alignment=&#8221;center&#8221;][\/vc_column][\/vc_row]<\/p>\n","protected":false},"excerpt":{"rendered":"<p>[vc_row full_height=&#8221;yes&#8221; columns_placement=&#8221;top&#8221;][vc_column width=&#8221;1\/2&#8243;][vc_column_text]Huzur i\u00e7inde yapt\u0131rd\u0131\u011f\u0131n\u0131z bak\u0131mlardan sonra bir \u015feyler i\u00e7erek dinlenebilece\u011finiz rahatlama odalar\u0131m\u0131z da konforunuz i\u00e7in her \u015fey d\u00fc\u015f\u00fcn\u00fclm\u00fc\u015ft\u00fcr. Siz de\u011ferli m\u00fc\u015fterilerimizin dinlenebilece\u011fi, sosyalle\u015febilece\u011fi ve dinlenebilece\u011fi rahat ve huzurlu bir yer yaratmak istiyoruz.[\/vc_column_text][\/vc_column][vc_column width=&#8221;1\/2&#8243;][vc_single_image image=&#8221;742&#8243; img_size=&#8221;full&#8221; alignment=&#8221;center&#8221;][\/vc_column][\/vc_row]<\/p>\n","protected":false},"author":1,"featured_media":0,"parent":0,"menu_order":0,"comment_status":"closed","ping_status":"closed","template":"","meta":{"_joinchat":[]},"_links":{"self":[{"href":"https:\/\/orientviphamam.com\/vip\/tr\/wp-json\/wp\/v2\/pages\/59"}],"collection":[{"href":"https:\/\/orientviphamam.com\/vip\/tr\/wp-json\/wp\/v2\/pages"}],"about":[{"href":"https:\/\/orientviphamam.com\/vip\/tr\/wp-json\/wp\/v2\/types\/page"}],"author":[{"embeddable":true,"href":"https:\/\/orientviphamam.com\/vip\/tr\/wp-json\/wp\/v2\/users\/1"}],"replies":[{"embeddable":true,"href":"https:\/\/orientviphamam.com\/vip\/tr\/wp-json\/wp\/v2\/comments?post=59"}],"version-history":[{"count":3,"href":"https:\/\/orientviphamam.com\/vip\/tr\/wp-json\/wp\/v2\/pages\/59\/revisions"}],"predecessor-version":[{"id":744,"href":"https:\/\/orientviphamam.com\/vip\/tr\/wp-json\/wp\/v2\/pages\/59\/revisions\/744"}],"wp:attachment":[{"href":"https:\/\/orientviphamam.com\/vip\/tr\/wp-json\/wp\/v2\/media?parent=59"}],"curies":[{"name":"wp","href":"https:\/\/api.w.org\/{rel}","templated":true}]}}