{"id":62,"date":"2019-02-27T14:44:24","date_gmt":"2019-02-27T11:44:24","guid":{"rendered":"http:\/\/orientviphamam.com\/test\/?page_id=62"},"modified":"2019-03-25T15:10:31","modified_gmt":"2019-03-25T12:10:31","slug":"masaj","status":"publish","type":"page","link":"https:\/\/orientviphamam.com\/vip\/tr\/masaj\/","title":{"rendered":"Masaj"},"content":{"rendered":"<p>[vc_row][vc_column width=&#8221;1\/2&#8243;][vc_column_text]Masaj, v\u00fccuda ciddi sistem ve bilimsel prensiplere dayanarak sinir sistemi, kas sistemi ve kan dola\u015f\u0131m\u0131n\u0131n fonksiyonlar\u0131n\u0131 sabitlemek ve d\u00fczenlemek i\u00e7in el, parmak, dirsek, diz, \u00f6n kol, ayak veya masaj cihaz\u0131 ile uygulanan bir i\u015flemdir. Masaj a\u011fr\u0131y\u0131 hafifletmek, nod\u00fclleri azaltmak, kaslar\u0131 hafifletmek ve yaralanma sonucunda ortaya \u00e7\u0131kan gerilme ve fleksiyonun iyile\u015fmesini h\u0131zland\u0131rmak i\u00e7in kullan\u0131l\u0131r. \u0130nan\u0131lan\u0131n aksine, masaj kas\u0131n g\u00fcc\u00fcn\u00fc azaltmaz veya v\u00fccutta biriken ya\u011flar\u0131 yok etmez. Kullan\u0131m uygulamas\u0131 fizyolojik prensiplere dayan\u0131r. \u00d6rne\u011fin: Masaj uygulanan v\u00fccudun bir k\u0131sm\u0131 i\u00e7 organlardan kaynaklanan a\u011fr\u0131lar\u0131 azalt\u0131r veya \u00fcstesinden gelir. Deri damarlar\u0131na yap\u0131lan masaj\u0131n neden oldu\u011fu farkl\u0131l\u0131klar altta yatan dola\u015f\u0131m\u0131n durumunu de\u011fi\u015ftirir. Birikmi\u015f s\u0131v\u0131lar\u0131n emilimini kolayla\u015ft\u0131rmak i\u00e7in masaj kullan\u0131labilir. Kaslara uygulanan masaj, e\u011fer bir \u00e7al\u0131\u015fmadan \u00f6nce uygulan\u0131rsa, kaslar aktivite haz\u0131rlar ve daha fazla kan ak\u0131\u015f\u0131 sa\u011flayan ve kaslar\u0131 yava\u015f\u00e7a \u0131s\u0131tan hareketleri kolayla\u015ft\u0131r\u0131r.<\/p>\n<ul>\n<li>Klasik Masaj<\/li>\n<li>S\u0131rt masaj\u0131<\/li>\n<li>Ayak masaj\u0131<\/li>\n<li>Kafa masaj\u0131<\/li>\n<li>Aromaterapi Masaj\u0131<\/li>\n<li>S\u0131cak Ta\u015f Masaj\u0131<\/li>\n<li>Thai Masaj\u0131<\/li>\n<li>Shiatsu Masaj\u0131<\/li>\n<li>Sel\u00fclit Masaj\u0131<\/li>\n<li>Lenf Drenaj Masaj\u0131<\/li>\n<li>T\u0131bbi S\u0131rt Masaj\u0131<\/li>\n<li>Medikal Tam V\u00fccut Masaj\u0131<\/li>\n<li>\u00c7ikolata Masaj\u0131<\/li>\n<\/ul>\n<p>[\/vc_column_text][\/vc_column][vc_column width=&#8221;1\/2&#8243;][vc_single_image image=&#8221;63&#8243; img_size=&#8221;full&#8221; alignment=&#8221;center&#8221;][\/vc_column][\/vc_row]<\/p>\n","protected":false},"excerpt":{"rendered":"<p>[vc_row][vc_column width=&#8221;1\/2&#8243;][vc_column_text]Masaj, v\u00fccuda ciddi sistem ve bilimsel prensiplere dayanarak sinir sistemi, kas sistemi ve kan dola\u015f\u0131m\u0131n\u0131n fonksiyonlar\u0131n\u0131 sabitlemek ve d\u00fczenlemek i\u00e7in el, parmak, dirsek, diz, \u00f6n kol, ayak veya masaj cihaz\u0131 ile uygulanan bir i\u015flemdir. Masaj a\u011fr\u0131y\u0131 hafifletmek, nod\u00fclleri azaltmak, kaslar\u0131 hafifletmek ve yaralanma sonucunda ortaya \u00e7\u0131kan gerilme ve fleksiyonun iyile\u015fmesini h\u0131zland\u0131rmak i\u00e7in kullan\u0131l\u0131r. \u0130nan\u0131lan\u0131n&hellip;<\/p>\n","protected":false},"author":1,"featured_media":0,"parent":0,"menu_order":0,"comment_status":"closed","ping_status":"closed","template":"","meta":{"_joinchat":[]},"_links":{"self":[{"href":"https:\/\/orientviphamam.com\/vip\/tr\/wp-json\/wp\/v2\/pages\/62"}],"collection":[{"href":"https:\/\/orientviphamam.com\/vip\/tr\/wp-json\/wp\/v2\/pages"}],"about":[{"href":"https:\/\/orientviphamam.com\/vip\/tr\/wp-json\/wp\/v2\/types\/page"}],"author":[{"embeddable":true,"href":"https:\/\/orientviphamam.com\/vip\/tr\/wp-json\/wp\/v2\/users\/1"}],"replies":[{"embeddable":true,"href":"https:\/\/orientviphamam.com\/vip\/tr\/wp-json\/wp\/v2\/comments?post=62"}],"version-history":[{"count":1,"href":"https:\/\/orientviphamam.com\/vip\/tr\/wp-json\/wp\/v2\/pages\/62\/revisions"}],"predecessor-version":[{"id":64,"href":"https:\/\/orientviphamam.com\/vip\/tr\/wp-json\/wp\/v2\/pages\/62\/revisions\/64"}],"wp:attachment":[{"href":"https:\/\/orientviphamam.com\/vip\/tr\/wp-json\/wp\/v2\/media?parent=62"}],"curies":[{"name":"wp","href":"https:\/\/api.w.org\/{rel}","templated":true}]}}