{"id":73,"date":"2019-02-27T16:25:19","date_gmt":"2019-02-27T13:25:19","guid":{"rendered":"http:\/\/orientviphamam.com\/test\/?page_id=73"},"modified":"2025-09-06T17:06:47","modified_gmt":"2025-09-06T14:06:47","slug":"ozel-programlar","status":"publish","type":"page","link":"https:\/\/orientviphamam.com\/vip\/tr\/ozel-programlar\/","title":{"rendered":"\u00d6zel Programlar"},"content":{"rendered":"<p>[vc_row][vc_column width=&#8221;1\/4&#8243;][\/vc_column][vc_column width=&#8221;1\/4&#8243;][\/vc_column][vc_column width=&#8221;1\/4&#8243;][\/vc_column][vc_column width=&#8221;1\/4&#8243;][\/vc_column][\/vc_row][vc_row][vc_column width=&#8221;1\/3&#8243;]<div class=\"ult_pricing_table_wrap ult_design_6  ult-cs-custom  \">\n\t\t\t\t\t<div class=\"ult_pricing_table ult_price_table_ht\" style=\"background:#63c3d1; min-height:510px;\"><div id=\"price-table-wrap-3563\" class=\"ult_pricing_heading\" style=\"background:#63c3d1;\">\n\t\t\t\t\t\t\t<h3 class=\"price-heading ult-responsive cust-headformat\"  data-ultimate-target='#price-table-wrap-3563 .cust-headformat'  data-responsive-json-new='{\"font-size\":\"desktop:22px;\",\"line-height\":\"\"}'  style=\"font-weight:normal;color:#ffffff;\">Orient Klasik Program<\/h3><h5  data-ultimate-target='#price-table-wrap-3563 .cust-subhead'  data-responsive-json-new='{\"font-size\":\"desktop:15px;\",\"line-height\":\"\"}'  class=\"price-subheading ult-responsive cust-subhead\" style=\"font-weight:normal;\">90 DK<\/h5><\/div><!--ult_pricing_heading--><div class=\"ult_price_body_block\" style=\"background:#63c3d1;\">\n\t\t\t\t\t\t\t<div class=\"ult_price_body\">\n\t\t\t\t\t\t\t\t<div id=\"price-table-wrap-2098\"  class=\"ult_price\">\n\t\t\t\t\t\t\t\t\t<span  data-ultimate-target='#price-table-wrap-2098 .ult_price_figure'  data-responsive-json-new='{\"font-size\":\"desktop:25px;\",\"line-height\":\"\"}'  class=\"ult_price_figure ult-responsive\" style=\"font-weight:normal;\">25\u20ac<\/span>\n\t\t\t\t\t\t\t\t\t<span  data-ultimate-target='#price-table-wrap-2098 .ult_price_term'  data-responsive-json-new='{\"font-size\":\"desktop:20px;\",\"line-height\":\"\"}'  class=\"ult_price_term ult-responsive\" style=\"font-weight:normal;\"><\/span>\n\t\t\t\t\t\t\t\t<\/div>\n\t\t\t\t\t\t\t<\/div>\n\t\t\t\t\t\t<\/div><!--ult_price_body_block--><div id=\"price-table-features-wrap-4424\" class=\"ult_price_features ult-responsive\"  data-ultimate-target='#price-table-features-wrap-4424'  data-responsive-json-new='{\"font-size\":\"\",\"line-height\":\"\"}'  style=\"font-weight:normal;color:#ffffff;color:#ffffff;\">\n\t\t\t\t\t\t\t<ul>\n<li>\n<h4><span style=\"vertical-align: inherit;\"><span style=\"vertical-align: inherit;\">Sauna<\/span><\/span><\/h4>\n<\/li>\n<li>\n<h4><span style=\"vertical-align: inherit;\"><span style=\"vertical-align: inherit;\">Buhar banyosu<\/span><\/span><\/h4>\n<\/li>\n<li>\n<h4><span style=\"vertical-align: inherit;\"><span style=\"vertical-align: inherit;\">T\u00fcrk hamam\u0131<\/span><\/span><\/h4>\n<\/li>\n<li>\n<h4><span style=\"vertical-align: inherit;\"><span style=\"vertical-align: inherit;\">Kese ve K\u00f6p\u00fck Masaj\u0131<\/span><\/span><\/h4>\n<\/li>\n<li>\n<h4>Klasik Masaj(20dk)<\/h4>\n<\/li>\n<\/ul>\n\n\t\t\t\t\t\t<\/div><!--ult_price_features--><div class=\"ult_clr\"><\/div>\n\t\t\t<\/div><!--pricing_table-->\n\t\t<\/div><!--pricing_table_wrap-->[\/vc_column][vc_column width=&#8221;1\/3&#8243;]<div class=\"ult_pricing_table_wrap ult_design_6  ult-cs-custom  \">\n\t\t\t\t\t<div class=\"ult_pricing_table ult_price_table_ht\" style=\"background:#63c3d1; min-height:510px;\"><div id=\"price-table-wrap-3908\" class=\"ult_pricing_heading\" style=\"background:#63c3d1;\">\n\t\t\t\t\t\t\t<h3 class=\"price-heading ult-responsive cust-headformat\"  data-ultimate-target='#price-table-wrap-3908 .cust-headformat'  data-responsive-json-new='{\"font-size\":\"desktop:22px;\",\"line-height\":\"\"}'  style=\"font-weight:normal;color:#ffffff;\">Orient Aloe Vera Program<\/h3><h5  data-ultimate-target='#price-table-wrap-3908 .cust-subhead'  data-responsive-json-new='{\"font-size\":\"desktop:15px;\",\"line-height\":\"\"}'  class=\"price-subheading ult-responsive cust-subhead\" style=\"font-weight:normal;\">30 DK<\/h5><\/div><!--ult_pricing_heading--><div class=\"ult_price_body_block\" style=\"background:#63c3d1;\">\n\t\t\t\t\t\t\t<div class=\"ult_price_body\">\n\t\t\t\t\t\t\t\t<div id=\"price-table-wrap-5148\"  class=\"ult_price\">\n\t\t\t\t\t\t\t\t\t<span  data-ultimate-target='#price-table-wrap-5148 .ult_price_figure'  data-responsive-json-new='{\"font-size\":\"desktop:25px;\",\"line-height\":\"\"}'  class=\"ult_price_figure ult-responsive\" style=\"font-weight:normal;\">35\u20ac<\/span>\n\t\t\t\t\t\t\t\t\t<span  data-ultimate-target='#price-table-wrap-5148 .ult_price_term'  data-responsive-json-new='{\"font-size\":\"desktop:20px;\",\"line-height\":\"\"}'  class=\"ult_price_term ult-responsive\" style=\"font-weight:normal;\"><\/span>\n\t\t\t\t\t\t\t\t<\/div>\n\t\t\t\t\t\t\t<\/div>\n\t\t\t\t\t\t<\/div><!--ult_price_body_block--><div id=\"price-table-features-wrap-9673\" class=\"ult_price_features ult-responsive\"  data-ultimate-target='#price-table-features-wrap-9673'  data-responsive-json-new='{\"font-size\":\"\",\"line-height\":\"\"}'  style=\"font-weight:normal;color:#ffffff;color:#ffffff;\">\n\t\t\t\t\t\t\t<ul>\n<li>\n<h4><span style=\"vertical-align: inherit;\"><span style=\"vertical-align: inherit;\">Sauna<\/span><\/span><\/h4>\n<\/li>\n<li>\n<h4><span style=\"vertical-align: inherit;\"><span style=\"vertical-align: inherit;\">Buhar banyosu<\/span><\/span><\/h4>\n<\/li>\n<li>\n<h4>Jakuzzi<\/h4>\n<\/li>\n<li>\n<h4>T\u00fcm v\u00fccut kese<\/h4>\n<\/li>\n<li>\n<h4>T\u00fcm v\u00fccut K\u00f6p\u00fck Masaj\u0131<\/h4>\n<\/li>\n<li>\n<h4>\u00c7ay ve Meyve Servisi<\/h4>\n<\/li>\n<li>\n<h4>Aloe Vera Y\u00fcz Maskesi<\/h4>\n<\/li>\n<li>\n<h4>30 dk Aloe Vera ya\u011f\u0131 ile Klasik Masaj<\/h4>\n<\/li>\n<\/ul>\n\n\t\t\t\t\t\t<\/div><!--ult_price_features--><div class=\"ult_clr\"><\/div>\n\t\t\t<\/div><!--pricing_table-->\n\t\t<\/div><!--pricing_table_wrap-->[\/vc_column][vc_column width=&#8221;1\/3&#8243;]<div class=\"ult_pricing_table_wrap ult_design_6  ult-cs-custom  \">\n\t\t\t\t\t<div class=\"ult_pricing_table ult_price_table_ht\" style=\"background:#63c3d1; min-height:510px;\"><div id=\"price-table-wrap-4328\" class=\"ult_pricing_heading\" style=\"background:#63c3d1;\">\n\t\t\t\t\t\t\t<h3 class=\"price-heading ult-responsive cust-headformat\"  data-ultimate-target='#price-table-wrap-4328 .cust-headformat'  data-responsive-json-new='{\"font-size\":\"desktop:22px;\",\"line-height\":\"\"}'  style=\"font-weight:normal;color:#ffffff;\">Orient Gold Program<\/h3><h5  data-ultimate-target='#price-table-wrap-4328 .cust-subhead'  data-responsive-json-new='{\"font-size\":\"desktop:15px;\",\"line-height\":\"\"}'  class=\"price-subheading ult-responsive cust-subhead\" style=\"font-weight:normal;\">150 DK<\/h5><\/div><!--ult_pricing_heading--><div class=\"ult_price_body_block\" style=\"background:#63c3d1;\">\n\t\t\t\t\t\t\t<div class=\"ult_price_body\">\n\t\t\t\t\t\t\t\t<div id=\"price-table-wrap-3099\"  class=\"ult_price\">\n\t\t\t\t\t\t\t\t\t<span  data-ultimate-target='#price-table-wrap-3099 .ult_price_figure'  data-responsive-json-new='{\"font-size\":\"desktop:25px;\",\"line-height\":\"\"}'  class=\"ult_price_figure ult-responsive\" style=\"font-weight:normal;\">65\u20ac<\/span>\n\t\t\t\t\t\t\t\t\t<span  data-ultimate-target='#price-table-wrap-3099 .ult_price_term'  data-responsive-json-new='{\"font-size\":\"desktop:20px;\",\"line-height\":\"\"}'  class=\"ult_price_term ult-responsive\" style=\"font-weight:normal;\"><\/span>\n\t\t\t\t\t\t\t\t<\/div>\n\t\t\t\t\t\t\t<\/div>\n\t\t\t\t\t\t<\/div><!--ult_price_body_block--><div id=\"price-table-features-wrap-7673\" class=\"ult_price_features ult-responsive\"  data-ultimate-target='#price-table-features-wrap-7673'  data-responsive-json-new='{\"font-size\":\"\",\"line-height\":\"\"}'  style=\"font-weight:normal;color:#ffffff;color:#ffffff;\">\n\t\t\t\t\t\t\t<ul>\n<li>\n<h4><span style=\"vertical-align: inherit;\"><span style=\"vertical-align: inherit;\">Sauna<\/span><\/span><\/h4>\n<\/li>\n<li>\n<h4><span style=\"vertical-align: inherit;\"><span style=\"vertical-align: inherit;\">Buhar banyosu<\/span><\/span><\/h4>\n<\/li>\n<li>\n<h4><span style=\"vertical-align: inherit;\"><span style=\"vertical-align: inherit;\">T\u00fcrk hamam\u0131<\/span><\/span><\/h4>\n<\/li>\n<li>\n<h4><span style=\"vertical-align: inherit;\"><span style=\"vertical-align: inherit;\">Deniz tuzu ile t\u00fcm v\u00fccut Kese<\/span><\/span><\/h4>\n<\/li>\n<li>\n<h4><span style=\"vertical-align: inherit;\"><span style=\"vertical-align: inherit;\">T\u00fcm v\u00fccut K\u00f6p\u00fck Masaj\u0131<\/span><\/span><\/h4>\n<\/li>\n<li>\n<h4>\u015eampanya ve Meyve \u0130kram\u0131<\/h4>\n<\/li>\n<li>\n<h4>Ayak Masaj\u0131 (15dk)<\/h4>\n<\/li>\n<li>\n<h4>Alt\u0131n Maske<\/h4>\n<\/li>\n<li>\n<h4>S\u0131cak Ta\u015f Masaj\u0131 (60 dk)<\/h4>\n<\/li>\n<\/ul>\n\n\t\t\t\t\t\t<\/div><!--ult_price_features--><div class=\"ult_clr\"><\/div>\n\t\t\t<\/div><!--pricing_table-->\n\t\t<\/div><!--pricing_table_wrap-->[\/vc_column][\/vc_row]<\/p>\n","protected":false},"excerpt":{"rendered":"<p>[vc_row][vc_column width=&#8221;1\/4&#8243;][\/vc_column][vc_column width=&#8221;1\/4&#8243;][\/vc_column][vc_column width=&#8221;1\/4&#8243;][\/vc_column][vc_column width=&#8221;1\/4&#8243;][\/vc_column][\/vc_row][vc_row][vc_column width=&#8221;1\/3&#8243;][\/vc_column][vc_column width=&#8221;1\/3&#8243;][\/vc_column][vc_column width=&#8221;1\/3&#8243;][\/vc_column][\/vc_row]<\/p>\n","protected":false},"author":1,"featured_media":0,"parent":0,"menu_order":0,"comment_status":"closed","ping_status":"closed","template":"","meta":{"_joinchat":[]},"_links":{"self":[{"href":"https:\/\/orientviphamam.com\/vip\/tr\/wp-json\/wp\/v2\/pages\/73"}],"collection":[{"href":"https:\/\/orientviphamam.com\/vip\/tr\/wp-json\/wp\/v2\/pages"}],"about":[{"href":"https:\/\/orientviphamam.com\/vip\/tr\/wp-json\/wp\/v2\/types\/page"}],"author":[{"embeddable":true,"href":"https:\/\/orientviphamam.com\/vip\/tr\/wp-json\/wp\/v2\/users\/1"}],"replies":[{"embeddable":true,"href":"https:\/\/orientviphamam.com\/vip\/tr\/wp-json\/wp\/v2\/comments?post=73"}],"version-history":[{"count":52,"href":"https:\/\/orientviphamam.com\/vip\/tr\/wp-json\/wp\/v2\/pages\/73\/revisions"}],"predecessor-version":[{"id":796,"href":"https:\/\/orientviphamam.com\/vip\/tr\/wp-json\/wp\/v2\/pages\/73\/revisions\/796"}],"wp:attachment":[{"href":"https:\/\/orientviphamam.com\/vip\/tr\/wp-json\/wp\/v2\/media?parent=73"}],"curies":[{"name":"wp","href":"https:\/\/api.w.org\/{rel}","templated":true}]}}