{"id":480,"date":"2019-03-25T17:24:58","date_gmt":"2019-03-25T14:24:58","guid":{"rendered":"http:\/\/orientviphamam.com\/blog\/"},"modified":"2019-05-02T18:06:25","modified_gmt":"2019-05-02T15:06:25","slug":"blog","status":"publish","type":"page","link":"https:\/\/orientviphamam.com\/vip\/blog\/","title":{"rendered":"Blog"},"content":{"rendered":"<p>[vc_row][vc_column]<style type=\"text\/css\" data-type=\"the7_shortcodes-inline-css\">.blog-shortcode.blog-list-shortcode-id-7ac14ea5d94bfcced39b438ec1fe4077.dividers-on.classic-layout-list article {\n  margin-top: 50px;\n  padding-top: 0;\n}\n.blog-shortcode.blog-list-shortcode-id-7ac14ea5d94bfcced39b438ec1fe4077.dividers-on.classic-layout-list article:first-of-type {\n  margin-top: 0;\n  padding-top: 0;\n}\n.blog-shortcode.blog-list-shortcode-id-7ac14ea5d94bfcced39b438ec1fe4077.classic-layout-list.mode-list .post-thumbnail-wrap {\n  width: 50%;\n}\n.blog-shortcode.blog-list-shortcode-id-7ac14ea5d94bfcced39b438ec1fe4077.classic-layout-list.mode-list .post-entry-content {\n  width: calc(100% - 50%);\n}\n.blog-shortcode.blog-list-shortcode-id-7ac14ea5d94bfcced39b438ec1fe4077.classic-layout-list.mode-list .no-img .post-entry-content {\n  width: 100%;\n}\n.blog-shortcode.blog-list-shortcode-id-7ac14ea5d94bfcced39b438ec1fe4077 .filter-bg-decoration .filter-categories a.act {\n  color: #fff;\n}\n.blog-shortcode.blog-list-shortcode-id-7ac14ea5d94bfcced39b438ec1fe4077:not(.mode-masonry) article {\n  margin-top: 50px;\n}\n.blog-shortcode.blog-list-shortcode-id-7ac14ea5d94bfcced39b438ec1fe4077:not(.mode-masonry) article:first-of-type,\n.blog-shortcode.blog-list-shortcode-id-7ac14ea5d94bfcced39b438ec1fe4077:not(.mode-masonry) article.visible.first:not(.product) {\n  margin-top: 0;\n}\n.blog-shortcode.blog-list-shortcode-id-7ac14ea5d94bfcced39b438ec1fe4077.dividers-on:not(.mode-masonry) article {\n  margin-top: 0;\n  padding-top: 50px;\n}\n.blog-shortcode.blog-list-shortcode-id-7ac14ea5d94bfcced39b438ec1fe4077.dividers-on:not(.mode-masonry) article:first-of-type,\n.blog-shortcode.blog-list-shortcode-id-7ac14ea5d94bfcced39b438ec1fe4077.dividers-on:not(.mode-masonry) article.visible.first:not(.product) {\n  margin-top: 0;\n  padding-top: 0;\n}\n.blog-shortcode.blog-list-shortcode-id-7ac14ea5d94bfcced39b438ec1fe4077 .post-thumbnail-wrap {\n  padding: 0px 0px 0px 0px;\n}\n.blog-shortcode.blog-list-shortcode-id-7ac14ea5d94bfcced39b438ec1fe4077.enable-bg-rollover .post-thumbnail-rollover:after {\n  background: -webkit-linear-gradient();\n  background: linear-gradient();\n}\n.blog-shortcode.blog-list-shortcode-id-7ac14ea5d94bfcced39b438ec1fe4077 .gallery-zoom-ico {\n  width: 44px;\n  height: 44px;\n  line-height: 44px;\n  border-radius: 100px;\n  margin: -22px 0 0 -22px;\n  border-width: 0px;\n  color: #ffffff;\n}\n.bottom-overlap-layout-list.blog-shortcode.blog-list-shortcode-id-7ac14ea5d94bfcced39b438ec1fe4077 .gallery-zoom-ico {\n  margin-top: -22px;\n}\n.gradient-overlay-layout-list.blog-shortcode.blog-list-shortcode-id-7ac14ea5d94bfcced39b438ec1fe4077 .gallery-zoom-ico,\n.content-rollover-layout-list.blog-shortcode.blog-list-shortcode-id-7ac14ea5d94bfcced39b438ec1fe4077 .gallery-zoom-ico {\n  margin: 0 0 10px;\n}\n.content-align-center.gradient-overlay-layout-list.blog-shortcode.blog-list-shortcode-id-7ac14ea5d94bfcced39b438ec1fe4077 .gallery-zoom-ico,\n.content-align-center.content-rollover-layout-list.blog-shortcode.blog-list-shortcode-id-7ac14ea5d94bfcced39b438ec1fe4077 .gallery-zoom-ico {\n  margin: 0 auto 10px;\n}\n.dt-icon-bg-on.blog-shortcode.blog-list-shortcode-id-7ac14ea5d94bfcced39b438ec1fe4077 .gallery-zoom-ico {\n  background: rgba(255,255,255,0.3);\n  box-shadow: none;\n}\n.blog-shortcode.blog-list-shortcode-id-7ac14ea5d94bfcced39b438ec1fe4077 .gallery-zoom-ico > span,\n.blog-shortcode.blog-list-shortcode-id-7ac14ea5d94bfcced39b438ec1fe4077 .gallery-zoom-ico:before {\n  font-size: 32px;\n  line-height: 44px;\n}\n.blog-shortcode.blog-list-shortcode-id-7ac14ea5d94bfcced39b438ec1fe4077 .gallery-zoom-ico > span,\n.blog-shortcode.blog-list-shortcode-id-7ac14ea5d94bfcced39b438ec1fe4077 .gallery-zoom-ico:before {\n  color: #ffffff;\n}\n.blog-shortcode.blog-list-shortcode-id-7ac14ea5d94bfcced39b438ec1fe4077 .fancy-date a {\n  background: #ffffff;\n  box-shadow: none;\n}\n.blog-shortcode.blog-list-shortcode-id-7ac14ea5d94bfcced39b438ec1fe4077 .fancy-date a * {\n  color: #2d2d2d;\n}\n.blog-shortcode.blog-list-shortcode-id-7ac14ea5d94bfcced39b438ec1fe4077 .entry-title,\n.blog-shortcode.blog-list-shortcode-id-7ac14ea5d94bfcced39b438ec1fe4077.owl-carousel .entry-title {\n  margin-bottom: 5px;\n  font-weight: bold;\n}\n.blog-shortcode.blog-list-shortcode-id-7ac14ea5d94bfcced39b438ec1fe4077 .entry-meta {\n  margin-bottom: 15px;\n}\n.blog-shortcode.blog-list-shortcode-id-7ac14ea5d94bfcced39b438ec1fe4077 .portfolio-categories {\n  margin-bottom: 15px;\n}\n.blog-shortcode.blog-list-shortcode-id-7ac14ea5d94bfcced39b438ec1fe4077 .entry-excerpt {\n  margin-bottom: 5px;\n}\n.blog-shortcode.blog-list-shortcode-id-7ac14ea5d94bfcced39b438ec1fe4077:not(.centered-layout-list) .post-entry-content {\n  padding: 25px 30px 30px 30px;\n}\n.blog-shortcode.blog-list-shortcode-id-7ac14ea5d94bfcced39b438ec1fe4077:not(.centered-layout-list):not(.content-bg-on):not(.mode-list) .no-img .post-entry-content {\n  padding: 0;\n}\n@media screen and (max-width: 768px) {\n  .blog-shortcode.blog-list-shortcode-id-7ac14ea5d94bfcced39b438ec1fe4077 article {\n    -ms-flex-flow: column nowrap;\n    flex-flow: column nowrap;\n    margin-top: 20px;\n  }\n  .blog-shortcode.blog-list-shortcode-id-7ac14ea5d94bfcced39b438ec1fe4077.dividers-on article {\n    border: none;\n  }\n  .blog-shortcode.blog-list-shortcode-id-7ac14ea5d94bfcced39b438ec1fe4077.content-bg-on.centered-layout-list article {\n    padding: 0;\n  }\n  .blog-shortcode.blog-list-shortcode-id-7ac14ea5d94bfcced39b438ec1fe4077.blog-shortcode.dividers-on article,\n  .blog-shortcode.blog-list-shortcode-id-7ac14ea5d94bfcced39b438ec1fe4077.dividers-on.classic-layout-list article {\n    margin-top: 20px;\n    padding: 0;\n  }\n  .blog-shortcode.blog-list-shortcode-id-7ac14ea5d94bfcced39b438ec1fe4077.blog-shortcode.dividers-on article:first-of-type,\n  .blog-shortcode.blog-list-shortcode-id-7ac14ea5d94bfcced39b438ec1fe4077.dividers-on.classic-layout-list article:first-of-type {\n    padding: 0;\n  }\n  #page .blog-shortcode.blog-list-shortcode-id-7ac14ea5d94bfcced39b438ec1fe4077 .post-thumbnail-wrap,\n  #page .blog-shortcode.blog-list-shortcode-id-7ac14ea5d94bfcced39b438ec1fe4077 .post-entry-content {\n    width: 100%;\n    margin: 0;\n    top: 0;\n  }\n  #page .blog-shortcode.blog-list-shortcode-id-7ac14ea5d94bfcced39b438ec1fe4077 .post-thumbnail-wrap {\n    padding: 0;\n  }\n  #page .blog-shortcode.blog-list-shortcode-id-7ac14ea5d94bfcced39b438ec1fe4077 .post-entry-content:after {\n    display: none;\n  }\n  #page .blog-shortcode.blog-list-shortcode-id-7ac14ea5d94bfcced39b438ec1fe4077 .project-even .post-thumbnail-wrap,\n  #page .blog-shortcode.blog-list-shortcode-id-7ac14ea5d94bfcced39b438ec1fe4077.centered-layout-list .post-thumbnail-wrap {\n    -ms-flex-order: 0;\n    order: 0;\n  }\n  #page .blog-shortcode.blog-list-shortcode-id-7ac14ea5d94bfcced39b438ec1fe4077.centered-layout-list .post-entry-title-content {\n    -ms-flex-order: 1;\n    order: 1;\n    width: 100%;\n    padding: 20px 20px 0;\n  }\n  #page .blog-shortcode.blog-list-shortcode-id-7ac14ea5d94bfcced39b438ec1fe4077.centered-layout-list .post-entry-content {\n    -ms-flex-order: 2;\n    order: 2;\n    padding-top: 0;\n  }\n  #page .blog-shortcode.blog-list-shortcode-id-7ac14ea5d94bfcced39b438ec1fe4077 .fancy-categories {\n    top: 10px;\n    left: 10px;\n    bottom: auto;\n    right: auto;\n  }\n  #page .blog-shortcode.blog-list-shortcode-id-7ac14ea5d94bfcced39b438ec1fe4077 .fancy-date a {\n    top: 10px;\n    right: 10px;\n    left: auto;\n    bottom: auto;\n  }\n  #page .blog-shortcode.blog-list-shortcode-id-7ac14ea5d94bfcced39b438ec1fe4077 .post-entry-content {\n    padding: 20px;\n  }\n  #page .blog-shortcode.blog-list-shortcode-id-7ac14ea5d94bfcced39b438ec1fe4077 .entry-title {\n    margin: 3px 0 5px;\n    font-size: 20px;\n    line-height: 26px;\n  }\n  #page .blog-shortcode.blog-list-shortcode-id-7ac14ea5d94bfcced39b438ec1fe4077 .entry-meta {\n    margin: 5px 0 5px;\n  }\n  #page .blog-shortcode.blog-list-shortcode-id-7ac14ea5d94bfcced39b438ec1fe4077 .entry-excerpt {\n    margin: 15px 0 0;\n  }\n  #page .blog-shortcode.blog-list-shortcode-id-7ac14ea5d94bfcced39b438ec1fe4077 .post-details {\n    margin: 5px 0 10px;\n  }\n  #page .blog-shortcode.blog-list-shortcode-id-7ac14ea5d94bfcced39b438ec1fe4077 .post-details.details-type-link {\n    margin-bottom: 2px;\n  }\n}\n<\/style><div class=\"articles-list blog-shortcode mode-list blog-list-shortcode-id-7ac14ea5d94bfcced39b438ec1fe4077 classic-layout-list content-bg-on jquery-filter scale-img dt-icon-bg-off loading-effect-fade-in\" data-cur-page=\"1\" data-post-limit=\"-1\" data-pagination-mode=\"none\"><article class=\"post project-odd visible no-img post-671 type-post status-publish format-standard hentry description-off\" data-name=\"TRADAT\u0130ONAL OR\u0130ENT BEER FEST 2019\" data-date=\"2019-06-29T10:17:21+03:00\">\n\n<div class=\"post-entry-content\">\n\n\t<h3 class=\"entry-title\">\n\t\t<a href=\"https:\/\/orientviphamam.com\/vip\/tradational-orient-beer-fest-2019\/\" title=\"TRADAT\u0130ONAL OR\u0130ENT BEER FEST 2019\" rel=\"bookmark\">TRADAT\u0130ONAL OR\u0130ENT BEER FEST 2019<\/a>\n\t<\/h3>\n\n\t<div class=\"entry-meta\"><span class=\"category-link\">Uncategorized<\/span><a class=\"author vcard\" href=\"https:\/\/orientviphamam.com\/vip\/author\/murat\/\" title=\"View all posts by murat\" rel=\"author\">By <span class=\"fn\">murat<\/span><\/a><a href=\"https:\/\/orientviphamam.com\/vip\/2019\/06\/29\/\" title=\"10:17\" class=\"data-link\" rel=\"bookmark\"><time class=\"entry-date updated\" datetime=\"2019-06-29T10:17:21+03:00\">29 June 2019<\/time><\/a><\/div>\n\t<div class=\"entry-excerpt\"><\/div>\n\t\n<a href=\"https:\/\/orientviphamam.com\/vip\/tradational-orient-beer-fest-2019\/\" class=\"post-details details-type-link\" aria-label=\"Read more about TRADAT\u0130ONAL OR\u0130ENT BEER FEST 2019\" rel=\"nofollow\">Read more<i class=\"dt-icon-the7-arrow-03\" aria-hidden=\"true\"><\/i><\/a>\n\n<\/div><\/article><article class=\"post project-odd visible no-img post-664 type-post status-publish format-standard hentry description-off\" data-name=\"Smile with Orient\" data-date=\"2019-05-21T02:33:30+03:00\">\n\n<div class=\"post-entry-content\">\n\n\t<h3 class=\"entry-title\">\n\t\t<a href=\"https:\/\/orientviphamam.com\/vip\/smile-with-orient\/\" title=\"Smile with Orient\" rel=\"bookmark\">Smile with Orient<\/a>\n\t<\/h3>\n\n\t<div class=\"entry-meta\"><span class=\"category-link\">Uncategorized<\/span><a class=\"author vcard\" href=\"https:\/\/orientviphamam.com\/vip\/author\/murat\/\" title=\"View all posts by murat\" rel=\"author\">By <span class=\"fn\">murat<\/span><\/a><a href=\"https:\/\/orientviphamam.com\/vip\/2019\/05\/21\/\" title=\"02:33\" class=\"data-link\" rel=\"bookmark\"><time class=\"entry-date updated\" datetime=\"2019-05-21T02:33:30+03:00\">21 May 2019<\/time><\/a><\/div>\n\t<div class=\"entry-excerpt\"><p>Processed with MOLDIV<\/p>\n<\/div>\n\t\n<a href=\"https:\/\/orientviphamam.com\/vip\/smile-with-orient\/\" class=\"post-details details-type-link\" aria-label=\"Read more about Smile with Orient\" rel=\"nofollow\">Read more<i class=\"dt-icon-the7-arrow-03\" aria-hidden=\"true\"><\/i><\/a>\n\n<\/div><\/article><article class=\"post project-odd visible post-656 type-post status-publish format-standard has-post-thumbnail hentry category-uncategorized category-3 description-off\" data-name=\"Happy Times with Primo Tours at Roka Marina Restaurant\" data-date=\"2019-05-16T00:49:16+03:00\">\n\n<div class=\"post-thumbnail-wrap\">\n\t<div class=\"post-thumbnail\">\n\n\t\t\n\t\t\n\t\t<a href=\"https:\/\/orientviphamam.com\/vip\/happy-times-with-primo-tours-at-roka-marina-restaurant\/\" class=\"post-thumbnail-rollover layzr-bg layzr-bg\" ><img class=\"blog-thumb-lazy-load preload-me lazy-load\" src=\"data:image\/svg+xml,%3Csvg%20xmlns%3D&#39;http%3A%2F%2Fwww.w3.org%2F2000%2Fsvg&#39;%20viewBox%3D&#39;0%200%20768%20512&#39;%2F%3E\" data-src=\"https:\/\/orientviphamam.com\/vip\/wp-content\/uploads\/2019\/05\/1D01215C-42E8-4709-B7D0-02001DA98BBB-768x512.jpeg\" data-srcset=\"https:\/\/orientviphamam.com\/vip\/wp-content\/uploads\/2019\/05\/1D01215C-42E8-4709-B7D0-02001DA98BBB-768x512.jpeg 768w, https:\/\/orientviphamam.com\/vip\/wp-content\/uploads\/2019\/05\/1D01215C-42E8-4709-B7D0-02001DA98BBB-1306x870.jpeg 1306w\" alt=\"\" title=\"1D01215C-42E8-4709-B7D0-02001DA98BBB\" width=\"768\" height=\"512\"  \/><\/a>\n\t<\/div>\n<\/div>\n\n\n<div class=\"post-entry-content\">\n\n\t<h3 class=\"entry-title\">\n\t\t<a href=\"https:\/\/orientviphamam.com\/vip\/happy-times-with-primo-tours-at-roka-marina-restaurant\/\" title=\"Happy Times with Primo Tours at Roka Marina Restaurant\" rel=\"bookmark\">Happy Times with Primo Tours at Roka Marina Restaurant<\/a>\n\t<\/h3>\n\n\t<div class=\"entry-meta\"><span class=\"category-link\"><a href=\"https:\/\/orientviphamam.com\/vip\/category\/uncategorized\/\" >Uncategorized<\/a>, <a href=\"https:\/\/orientviphamam.com\/vip\/category\/uncategorized\/\" >Uncategorized<\/a>, <a href=\"https:\/\/orientviphamam.com\/vip\/category\/uncategorized\/\" >Uncategorized<\/a>, <a href=\"https:\/\/orientviphamam.com\/vip\/category\/uncategorized\/\" >Uncategorized<\/a>, <a href=\"https:\/\/orientviphamam.com\/vip\/category\/uncategorized\/\" >Uncategorized<\/a>, <a href=\"https:\/\/orientviphamam.com\/vip\/category\/uncategorized\/\" >Uncategorized<\/a>, <a href=\"https:\/\/orientviphamam.com\/vip\/category\/uncategorized\/\" >Uncategorized<\/a><\/span><a class=\"author vcard\" href=\"https:\/\/orientviphamam.com\/vip\/author\/murat\/\" title=\"View all posts by murat\" rel=\"author\">By <span class=\"fn\">murat<\/span><\/a><a href=\"https:\/\/orientviphamam.com\/vip\/2019\/05\/16\/\" title=\"00:49\" class=\"data-link\" rel=\"bookmark\"><time class=\"entry-date updated\" datetime=\"2019-05-16T00:49:16+03:00\">16 May 2019<\/time><\/a><\/div>\n\t<div class=\"entry-excerpt\"><\/div>\n\t\n<a href=\"https:\/\/orientviphamam.com\/vip\/happy-times-with-primo-tours-at-roka-marina-restaurant\/\" class=\"post-details details-type-link\" aria-label=\"Read more about Happy Times with Primo Tours at Roka Marina Restaurant\" rel=\"nofollow\">Read more<i class=\"dt-icon-the7-arrow-03\" aria-hidden=\"true\"><\/i><\/a>\n\n<\/div><\/article><article class=\"post project-odd visible no-img post-653 type-post status-publish format-standard hentry description-off\" data-name=\"20 Things To Do in Alanya &#038; Rachel Jones\" data-date=\"2019-05-14T14:17:34+03:00\">\n\n<div class=\"post-entry-content\">\n\n\t<h3 class=\"entry-title\">\n\t\t<a href=\"https:\/\/orientviphamam.com\/vip\/20-things-to-do-in-alanya-rachel-jones\/\" title=\"20 Things To Do in Alanya &#038; Rachel Jones\" rel=\"bookmark\">20 Things To Do in Alanya &#038; Rachel Jones<\/a>\n\t<\/h3>\n\n\t<div class=\"entry-meta\"><span class=\"category-link\">Uncategorized<\/span><a class=\"author vcard\" href=\"https:\/\/orientviphamam.com\/vip\/author\/murat\/\" title=\"View all posts by murat\" rel=\"author\">By <span class=\"fn\">murat<\/span><\/a><a href=\"https:\/\/orientviphamam.com\/vip\/2019\/05\/14\/\" title=\"14:17\" class=\"data-link\" rel=\"bookmark\"><time class=\"entry-date updated\" datetime=\"2019-05-14T14:17:34+03:00\">14 May 2019<\/time><\/a><\/div>\n\t<div class=\"entry-excerpt\"><\/div>\n\t\n<a href=\"https:\/\/orientviphamam.com\/vip\/20-things-to-do-in-alanya-rachel-jones\/\" class=\"post-details details-type-link\" aria-label=\"Read more about 20 Things To Do in Alanya &#038; Rachel Jones\" rel=\"nofollow\">Read more<i class=\"dt-icon-the7-arrow-03\" aria-hidden=\"true\"><\/i><\/a>\n\n<\/div><\/article><article class=\"post project-odd visible post-646 type-post status-publish format-standard has-post-thumbnail hentry description-off\" data-name=\"Orient Vip Hamam &#8221;STUFF TEAM&#8221;\" data-date=\"2019-05-12T17:06:53+03:00\">\n\n<div class=\"post-thumbnail-wrap\">\n\t<div class=\"post-thumbnail\">\n\n\t\t\n\t\t\n\t\t<a href=\"https:\/\/orientviphamam.com\/vip\/orient-vip-hamam-stuff-team\/\" class=\"post-thumbnail-rollover layzr-bg layzr-bg\" ><img class=\"blog-thumb-lazy-load preload-me lazy-load\" src=\"data:image\/svg+xml,%3Csvg%20xmlns%3D&#39;http%3A%2F%2Fwww.w3.org%2F2000%2Fsvg&#39;%20viewBox%3D&#39;0%200%20768%20512&#39;%2F%3E\" data-src=\"https:\/\/orientviphamam.com\/vip\/wp-content\/uploads\/2019\/05\/Orient-Stuff-Team-768x512.jpg\" data-srcset=\"https:\/\/orientviphamam.com\/vip\/wp-content\/uploads\/2019\/05\/Orient-Stuff-Team-768x512.jpg 768w, https:\/\/orientviphamam.com\/vip\/wp-content\/uploads\/2019\/05\/Orient-Stuff-Team-960x639.jpg 960w\" alt=\"\" title=\"Orient Stuff Team\" width=\"768\" height=\"512\"  \/><\/a>\n\t<\/div>\n<\/div>\n\n\n<div class=\"post-entry-content\">\n\n\t<h3 class=\"entry-title\">\n\t\t<a href=\"https:\/\/orientviphamam.com\/vip\/orient-vip-hamam-stuff-team\/\" title=\"Orient Vip Hamam &#8221;STUFF TEAM&#8221;\" rel=\"bookmark\">Orient Vip Hamam &#8221;STUFF TEAM&#8221;<\/a>\n\t<\/h3>\n\n\t<div class=\"entry-meta\"><span class=\"category-link\">Uncategorized<\/span><a class=\"author vcard\" href=\"https:\/\/orientviphamam.com\/vip\/author\/murat\/\" title=\"View all posts by murat\" rel=\"author\">By <span class=\"fn\">murat<\/span><\/a><a href=\"https:\/\/orientviphamam.com\/vip\/2019\/05\/12\/\" title=\"17:06\" class=\"data-link\" rel=\"bookmark\"><time class=\"entry-date updated\" datetime=\"2019-05-12T17:06:53+03:00\">12 May 2019<\/time><\/a><\/div>\n\t<div class=\"entry-excerpt\"><p>DEAR GUESTS , WELLCOME TO ALANYA . WE HOPE THAT YOU W\u0130LL HAVE A FANTAST\u0130C HOL\u0130DAY . WE ARE READY TO DO OUR BEST FOR YOU.. &nbsp; OR\u0130ENT V\u0130P HAMAM STUFF TEAM &#8230;<\/p>\n<\/div>\n\t\n<a href=\"https:\/\/orientviphamam.com\/vip\/orient-vip-hamam-stuff-team\/\" class=\"post-details details-type-link\" aria-label=\"Read more about Orient Vip Hamam &#8221;STUFF TEAM&#8221;\" rel=\"nofollow\">Read more<i class=\"dt-icon-the7-arrow-03\" aria-hidden=\"true\"><\/i><\/a>\n\n<\/div><\/article><article class=\"post project-odd visible post-641 type-post status-publish format-standard has-post-thumbnail hentry description-off\" data-name=\"Finland Fox TV &#038; Alanyan Matkaoppaat &#038; Orient &#8230;\" data-date=\"2019-05-02T23:54:34+03:00\">\n\n<div class=\"post-thumbnail-wrap\">\n\t<div class=\"post-thumbnail\">\n\n\t\t\n\t\t\n\t\t<a href=\"https:\/\/orientviphamam.com\/vip\/finland-fox-tv-alanyan-matkaoppaat-orient\/\" class=\"post-thumbnail-rollover layzr-bg layzr-bg\" ><img class=\"blog-thumb-lazy-load preload-me lazy-load\" src=\"data:image\/svg+xml,%3Csvg%20xmlns%3D&#39;http%3A%2F%2Fwww.w3.org%2F2000%2Fsvg&#39;%20viewBox%3D&#39;0%200%20768%20512&#39;%2F%3E\" data-src=\"https:\/\/orientviphamam.com\/vip\/wp-content\/uploads\/2019\/05\/fin-fox-tv-768x512.jpg\" data-srcset=\"https:\/\/orientviphamam.com\/vip\/wp-content\/uploads\/2019\/05\/fin-fox-tv-768x512.jpg 768w, https:\/\/orientviphamam.com\/vip\/wp-content\/uploads\/2019\/05\/fin-fox-tv-960x639.jpg 960w\" alt=\"\" title=\"fin fox tv\" width=\"768\" height=\"512\"  \/><\/a>\n\t<\/div>\n<\/div>\n\n\n<div class=\"post-entry-content\">\n\n\t<h3 class=\"entry-title\">\n\t\t<a href=\"https:\/\/orientviphamam.com\/vip\/finland-fox-tv-alanyan-matkaoppaat-orient\/\" title=\"Finland Fox TV &#038; Alanyan Matkaoppaat &#038; Orient &#8230;\" rel=\"bookmark\">Finland Fox TV &#038; Alanyan Matkaoppaat &#038; Orient &#8230;<\/a>\n\t<\/h3>\n\n\t<div class=\"entry-meta\"><span class=\"category-link\">Uncategorized<\/span><a class=\"author vcard\" href=\"https:\/\/orientviphamam.com\/vip\/author\/murat\/\" title=\"View all posts by murat\" rel=\"author\">By <span class=\"fn\">murat<\/span><\/a><a href=\"https:\/\/orientviphamam.com\/vip\/2019\/05\/02\/\" title=\"23:54\" class=\"data-link\" rel=\"bookmark\"><time class=\"entry-date updated\" datetime=\"2019-05-02T23:54:34+03:00\">2 May 2019<\/time><\/a><\/div>\n\t<div class=\"entry-excerpt\"><\/div>\n\t\n<a href=\"https:\/\/orientviphamam.com\/vip\/finland-fox-tv-alanyan-matkaoppaat-orient\/\" class=\"post-details details-type-link\" aria-label=\"Read more about Finland Fox TV &#038; Alanyan Matkaoppaat &#038; Orient &#8230;\" rel=\"nofollow\">Read more<i class=\"dt-icon-the7-arrow-03\" aria-hidden=\"true\"><\/i><\/a>\n\n<\/div><\/article><article class=\"post project-odd visible post-635 type-post status-publish format-standard has-post-thumbnail hentry description-off\" data-name=\"Finnish Rockstar was in Orient\" data-date=\"2019-05-02T18:05:04+03:00\">\n\n<div class=\"post-thumbnail-wrap\">\n\t<div class=\"post-thumbnail\">\n\n\t\t\n\t\t\n\t\t<a href=\"https:\/\/orientviphamam.com\/vip\/finnish-rockstar-was-in-orient\/\" class=\"post-thumbnail-rollover layzr-bg layzr-bg\" ><img class=\"blog-thumb-lazy-load preload-me lazy-load\" src=\"data:image\/svg+xml,%3Csvg%20xmlns%3D&#39;http%3A%2F%2Fwww.w3.org%2F2000%2Fsvg&#39;%20viewBox%3D&#39;0%200%20768%20512&#39;%2F%3E\" data-src=\"https:\/\/orientviphamam.com\/vip\/wp-content\/uploads\/2019\/05\/orient001-768x512.jpeg\" data-srcset=\"https:\/\/orientviphamam.com\/vip\/wp-content\/uploads\/2019\/05\/orient001-768x512.jpeg 768w, https:\/\/orientviphamam.com\/vip\/wp-content\/uploads\/2019\/05\/orient001-960x639.jpeg 960w\" alt=\"\" title=\"orient001\" width=\"768\" height=\"512\"  \/><\/a>\n\t<\/div>\n<\/div>\n\n\n<div class=\"post-entry-content\">\n\n\t<h3 class=\"entry-title\">\n\t\t<a href=\"https:\/\/orientviphamam.com\/vip\/finnish-rockstar-was-in-orient\/\" title=\"Finnish Rockstar was in Orient\" rel=\"bookmark\">Finnish Rockstar was in Orient<\/a>\n\t<\/h3>\n\n\t<div class=\"entry-meta\"><span class=\"category-link\">Uncategorized<\/span><a class=\"author vcard\" href=\"https:\/\/orientviphamam.com\/vip\/author\/murat\/\" title=\"View all posts by murat\" rel=\"author\">By <span class=\"fn\">murat<\/span><\/a><a href=\"https:\/\/orientviphamam.com\/vip\/2019\/05\/02\/\" title=\"18:05\" class=\"data-link\" rel=\"bookmark\"><time class=\"entry-date updated\" datetime=\"2019-05-02T18:05:04+03:00\">2 May 2019<\/time><\/a><\/div>\n\t<div class=\"entry-excerpt\"><p>Test 123<\/p>\n<\/div>\n\t\n<a href=\"https:\/\/orientviphamam.com\/vip\/finnish-rockstar-was-in-orient\/\" class=\"post-details details-type-link\" aria-label=\"Read more about Finnish Rockstar was in Orient\" rel=\"nofollow\">Read more<i class=\"dt-icon-the7-arrow-03\" aria-hidden=\"true\"><\/i><\/a>\n\n<\/div><\/article><\/div>[\/vc_column][\/vc_row]<\/p>\n","protected":false},"excerpt":{"rendered":"<p>[vc_row][vc_column][\/vc_column][\/vc_row]<\/p>\n","protected":false},"author":1,"featured_media":0,"parent":0,"menu_order":0,"comment_status":"closed","ping_status":"closed","template":"","meta":{"_joinchat":[]},"_links":{"self":[{"href":"https:\/\/orientviphamam.com\/vip\/wp-json\/wp\/v2\/pages\/480"}],"collection":[{"href":"https:\/\/orientviphamam.com\/vip\/wp-json\/wp\/v2\/pages"}],"about":[{"href":"https:\/\/orientviphamam.com\/vip\/wp-json\/wp\/v2\/types\/page"}],"author":[{"embeddable":true,"href":"https:\/\/orientviphamam.com\/vip\/wp-json\/wp\/v2\/users\/1"}],"replies":[{"embeddable":true,"href":"https:\/\/orientviphamam.com\/vip\/wp-json\/wp\/v2\/comments?post=480"}],"version-history":[{"count":2,"href":"https:\/\/orientviphamam.com\/vip\/wp-json\/wp\/v2\/pages\/480\/revisions"}],"predecessor-version":[{"id":639,"href":"https:\/\/orientviphamam.com\/vip\/wp-json\/wp\/v2\/pages\/480\/revisions\/639"}],"wp:attachment":[{"href":"https:\/\/orientviphamam.com\/vip\/wp-json\/wp\/v2\/media?parent=480"}],"curies":[{"name":"wp","href":"https:\/\/api.w.org\/{rel}","templated":true}]}}